{"id":11808,"date":"2024-02-02T08:55:41","date_gmt":"2024-02-02T08:55:41","guid":{"rendered":"https:\/\/www.jelsfest.dk\/2024\/product\/unisex-hoodie-med-lynlas\/"},"modified":"2024-12-18T09:05:10","modified_gmt":"2024-12-18T09:05:10","slug":"unisex-hoodie-med-lynlas","status":"publish","type":"product","link":"https:\/\/www.jelsfest.dk\/2024\/product\/unisex-hoodie-med-lynlas\/","title":{"rendered":"Hoodie med lynl\u00e5s"},"content":{"rendered":"<p>Designet med stil og komfort i tankerne, vil denne h\u00e6ttetr\u00f8je hurtigt blive din nye favorit. Den er lavet af bl\u00f8dt fleece indvendigt og udvendigt, med en robust metallynl\u00e5s, praktiske frontlommer og en h\u00e6tte med farvematchede snore.<br \/>\n\u2022 50% bomuld, 50% polyester<br \/>\n\u2022 Stofv\u00e6gt: 8 oz\/yd\u00b2 (271 g\/m\u00b2)<br \/>\n\u2022 Garndiameter: 20 singler<br \/>\n\u2022 Bl\u00f8dt fleecestof indvendigt og udvendigt<br \/>\n\u2022 Normal pasform<br \/>\n\u2022 Metal lynl\u00e5s<br \/>\n\u2022 Forreste lommer<br \/>\n\u2022 Uforet h\u00e6tte med farvematchet snor<br \/>\n\u2022 Dobbeltn\u00e5lss\u00f8m ved skuldre, \u00e6rmegab, hals, linning og manchetter<br \/>\n\u2022 Safety Green: Overholder ANSI\/ISEA 107<br \/>\n\u2022 Blanke produkter hentet fra Honduras og El Salvador<br \/>\nDette produkt er lavet specielt til dig, s\u00e5 snart du afgiver en ordre, hvorfor det tager os lidt l\u00e6ngere tid at levere det til dig. At fremstille produkter p\u00e5 eftersp\u00f8rgsel i stedet for i bulk hj\u00e6lper med at reducere overproduktion, s\u00e5 tak fordi du har truffet gennemt\u00e6nkte k\u00f8bsbeslutninger!<\/p>\n","protected":false},"excerpt":{"rendered":"<p>Designet med stil og komfort i tankerne, vil denne h\u00e6ttetr\u00f8je hurtigt blive din nye favorit. Den er lavet af bl\u00f8dt fleece indvendigt og udvendigt, med en robust metallynl\u00e5s, praktiske frontlommer og en h\u00e6tte med farvematchede snore. \u2022 50% bomuld, 50% polyester \u2022 Stofv\u00e6gt: 8 oz\/yd\u00b2 (271 g\/m\u00b2) \u2022 Garndiameter: 20 singler \u2022 Bl\u00f8dt fleecestof indvendigt&#8230;<\/p>\n","protected":false},"featured_media":11817,"comment_status":"open","ping_status":"closed","template":"","meta":[],"product_brand":[],"product_cat":[23],"product_tag":[],"class_list":{"0":"post-11808","1":"product","2":"type-product","3":"status-publish","4":"has-post-thumbnail","6":"product_cat-drinks","7":"nt-post-class","8":"","11":"excerpt-none","15":"first","16":"instock","17":"taxable","18":"shipping-taxable","19":"purchasable","20":"product-type-variable"},"_links":{"self":[{"href":"https:\/\/www.jelsfest.dk\/2024\/wp-json\/wp\/v2\/product\/11808","targetHints":{"allow":["GET"]}}],"collection":[{"href":"https:\/\/www.jelsfest.dk\/2024\/wp-json\/wp\/v2\/product"}],"about":[{"href":"https:\/\/www.jelsfest.dk\/2024\/wp-json\/wp\/v2\/types\/product"}],"replies":[{"embeddable":true,"href":"https:\/\/www.jelsfest.dk\/2024\/wp-json\/wp\/v2\/comments?post=11808"}],"wp:featuredmedia":[{"embeddable":true,"href":"https:\/\/www.jelsfest.dk\/2024\/wp-json\/wp\/v2\/media\/11817"}],"wp:attachment":[{"href":"https:\/\/www.jelsfest.dk\/2024\/wp-json\/wp\/v2\/media?parent=11808"}],"wp:term":[{"taxonomy":"product_brand","embeddable":true,"href":"https:\/\/www.jelsfest.dk\/2024\/wp-json\/wp\/v2\/product_brand?post=11808"},{"taxonomy":"product_cat","embeddable":true,"href":"https:\/\/www.jelsfest.dk\/2024\/wp-json\/wp\/v2\/product_cat?post=11808"},{"taxonomy":"product_tag","embeddable":true,"href":"https:\/\/www.jelsfest.dk\/2024\/wp-json\/wp\/v2\/product_tag?post=11808"}],"curies":[{"name":"wp","href":"https:\/\/api.w.org\/{rel}","templated":true}]}}