{"id":11798,"date":"2024-02-02T08:49:43","date_gmt":"2024-02-02T08:49:43","guid":{"rendered":"https:\/\/www.jelsfest.dk\/2024\/product\/jelsfest-t-shirt\/"},"modified":"2024-02-02T12:50:29","modified_gmt":"2024-02-02T12:50:29","slug":"jelsfest-t-shirt","status":"publish","type":"product","link":"https:\/\/www.jelsfest.dk\/2024\/product\/jelsfest-t-shirt\/","title":{"rendered":"T-SHIRT"},"content":{"rendered":"<p>Den klassiske herre-t-shirt i 100 % bomuld hj\u00e6lper dig med at f\u00e5 et mere struktureret look. Den sidder p\u00e6nt, bevarer skarpe linjer rundt om kanterne og passer perfekt til streetwear-outfits i lag. Plus, det er ekstra trendy nu!<br \/>\n  \u2022 100% bomuld<br \/>\n  \u2022 Stofv\u00e6gt: 5,0-5,3 oz\/yd\u00b2 (170-180 g\/m\u00b2)<br \/>\n  \u2022 Dobbelt s\u00f8m ved \u00e6rmer og forneden<br \/>\nDette produkt er lavet specielt til dig, s\u00e5 snart du afgiver en ordre, hvorfor det tager os lidt l\u00e6ngere tid at levere det til dig. At fremstille produkter p\u00e5 eftersp\u00f8rgsel i stedet for i bulk hj\u00e6lper med at reducere overproduktion, s\u00e5 tak fordi du har truffet gennemt\u00e6nkte k\u00f8bsbeslutninger!<\/p>\n","protected":false},"excerpt":{"rendered":"<p>Den klassiske herre-t-shirt i 100 % bomuld hj\u00e6lper dig med at f\u00e5 et mere struktureret look. Den sidder p\u00e6nt, bevarer skarpe linjer rundt om kanterne og passer perfekt til streetwear-outfits i lag. Plus, det er ekstra trendy nu! \u2022 100% bomuld \u2022 Stofv\u00e6gt: 5,0-5,3 oz\/yd\u00b2 (170-180 g\/m\u00b2) \u2022 Dobbelt s\u00f8m ved \u00e6rmer og forneden Dette&#8230;<\/p>\n","protected":false},"featured_media":11807,"comment_status":"open","ping_status":"closed","template":"","meta":[],"product_brand":[],"product_cat":[15],"product_tag":[],"class_list":{"0":"post-11798","1":"product","2":"type-product","3":"status-publish","4":"has-post-thumbnail","6":"product_cat-uncategorized","7":"nt-post-class","8":"","11":"excerpt-none","15":"first","16":"instock","17":"taxable","18":"shipping-taxable","19":"purchasable","20":"product-type-variable"},"_links":{"self":[{"href":"https:\/\/www.jelsfest.dk\/2024\/wp-json\/wp\/v2\/product\/11798","targetHints":{"allow":["GET"]}}],"collection":[{"href":"https:\/\/www.jelsfest.dk\/2024\/wp-json\/wp\/v2\/product"}],"about":[{"href":"https:\/\/www.jelsfest.dk\/2024\/wp-json\/wp\/v2\/types\/product"}],"replies":[{"embeddable":true,"href":"https:\/\/www.jelsfest.dk\/2024\/wp-json\/wp\/v2\/comments?post=11798"}],"wp:featuredmedia":[{"embeddable":true,"href":"https:\/\/www.jelsfest.dk\/2024\/wp-json\/wp\/v2\/media\/11807"}],"wp:attachment":[{"href":"https:\/\/www.jelsfest.dk\/2024\/wp-json\/wp\/v2\/media?parent=11798"}],"wp:term":[{"taxonomy":"product_brand","embeddable":true,"href":"https:\/\/www.jelsfest.dk\/2024\/wp-json\/wp\/v2\/product_brand?post=11798"},{"taxonomy":"product_cat","embeddable":true,"href":"https:\/\/www.jelsfest.dk\/2024\/wp-json\/wp\/v2\/product_cat?post=11798"},{"taxonomy":"product_tag","embeddable":true,"href":"https:\/\/www.jelsfest.dk\/2024\/wp-json\/wp\/v2\/product_tag?post=11798"}],"curies":[{"name":"wp","href":"https:\/\/api.w.org\/{rel}","templated":true}]}}