{"id":8490,"date":"2023-05-11T07:43:11","date_gmt":"2023-05-11T07:43:11","guid":{"rendered":"https:\/\/www.jelsfest.dk\/2024\/?page_id=8490"},"modified":"2024-06-13T19:38:17","modified_gmt":"2024-06-13T19:38:17","slug":"om-jelsfest","status":"publish","type":"page","link":"https:\/\/www.jelsfest.dk\/2024\/om-jelsfest\/","title":{"rendered":"HISTORIEN BAG"},"content":{"rendered":"\t\t<div data-elementor-type=\"wp-page\" data-elementor-id=\"8490\" class=\"elementor elementor-8490\" data-elementor-post-type=\"page\">\n\t\t\t\t\t\t<section class=\"elementor-section elementor-top-section elementor-element elementor-element-6d5e2ca nt-section section-padding elementor-section-content-middle elementor-section-boxed elementor-section-height-default elementor-section-height-default exad-glass-effect-no exad-sticky-section-no\" data-id=\"6d5e2ca\" data-element_type=\"section\" data-e-type=\"section\" data-settings=\"{&quot;background_background&quot;:&quot;classic&quot;}\">\n\t\t\t\t\t\t<div class=\"elementor-container elementor-column-gap-default\">\n\t\t\t\t\t<div class=\"elementor-column elementor-col-100 elementor-top-column elementor-element elementor-element-7e48c7e exad-glass-effect-no exad-sticky-section-no\" data-id=\"7e48c7e\" data-element_type=\"column\" data-e-type=\"column\">\n\t\t\t<div class=\"elementor-widget-wrap elementor-element-populated\">\n\t\t\t\t\t\t<div class=\"elementor-element elementor-element-215486f wixi-transform transform-type-translate exad-sticky-section-no exad-glass-effect-no elementor-widget elementor-widget-heading\" data-id=\"215486f\" data-element_type=\"widget\" data-e-type=\"widget\" data-widget_type=\"heading.default\">\n\t\t\t\t<div class=\"elementor-widget-container\">\n\t\t\t\t\t<h2 class=\"elementor-heading-title elementor-size-default\">I begyndelsen kom lyden...<\/h2>\t\t\t\t<\/div>\n\t\t\t\t<\/div>\n\t\t\t\t\t<\/div>\n\t\t<\/div>\n\t\t\t\t\t<\/div>\n\t\t<\/section>\n\t\t<div class=\"elementor-element elementor-element-592c473 e-flex e-con-boxed e-con e-parent\" data-id=\"592c473\" data-element_type=\"container\" data-e-type=\"container\">\n\t\t\t\t\t<div class=\"e-con-inner\">\n\t\t\t\t<div class=\"elementor-element elementor-element-08ce71c exad-sticky-section-no exad-glass-effect-no elementor-widget elementor-widget-text-editor\" data-id=\"08ce71c\" data-element_type=\"widget\" data-e-type=\"widget\" data-widget_type=\"text-editor.default\">\n\t\t\t\t<div class=\"elementor-widget-container\">\n\t\t\t\t\t\t\t\t\t<p>Man siger det skal v\u00e6re skidt, f\u00f8r det kan blive godt. Og i for\u00e5ret 2020 blev det virkeligt skidt&#8230; ikke kun for lille Danmark, men hele kloden. COVID19 h\u00e6rgede hele verdenen og utallige restriktioner gjorde det besv\u00e6rligt at afholde arrangemeter med store forsamlinger. Derved ogs\u00e5 umuligt at afholde musikfestivaler.<\/p><p>Heldigvis var det stadigt muligt at afholde privatfester med f\u00e5 restriktioner og det blev startskudet til det vi i dag kender som JELSFEST. Herunder kan du l\u00e6se hvordan det hele begyndte og hvor vi er henne i dag&#8230;<\/p>\t\t\t\t\t\t\t\t<\/div>\n\t\t\t\t<\/div>\n\t\t\t\t<div class=\"elementor-element elementor-element-68c3c37 exad-sticky-section-no exad-glass-effect-no elementor-widget elementor-widget-be-timeline\" data-id=\"68c3c37\" data-element_type=\"widget\" data-e-type=\"widget\" data-widget_type=\"be-timeline.default\">\n\t\t\t\t<div class=\"elementor-widget-container\">\n\t\t\t\t\t<ul class=\"be-pack timeline \"><li class=\"timeline-inverted\"> \n\t\t\t<div class=\"tl-circ\"><\/div>\n\t\t <div class=\"timeline-panel\">\n\t\t   <div class=\"tl-heading\">\n\t\t\t <div class=\"tl-content\">\n\n\t\t\t    \n\t\t\t\t\t\t\n\t\t\t\t\t\t<div class=\"be-desc\">\n\t\t\t\t\t\t\t<h2 class=\"be-title\">Slut med live musik<\/h2>\t\t\t\t\t\t\t<div class=\"be-content\"><p><strong>11. MARTS 2020<\/strong><\/p><p>COVID-19 h\u00e6rger i Danmark og statsminister Mette Frederiksen lukker Danmark ned og dermed ogs\u00e5 offentlige arrangementer som koncerter og festivaler.<\/p><\/div>\t\t\t\t\t\t<\/div>\n\n\t\t\t\t\t\n\t\t\t\t<\/div>\n\n\t\t\t<\/div>\n\t\t<\/div>\n\t\t\t<\/li>\n\t\t\t<li class=\"timeline-right\"> \n\t\t\t<div class=\"tl-circ\"><\/div>\n\t\t <div class=\"timeline-panel\">\n\t\t   <div class=\"tl-heading\">\n\t\t\t <div class=\"tl-content\">\n\n\t\t\t    \n\t\t\t\t\t\t\n\t\t\t\t\t\t<div class=\"be-desc\">\n\t\t\t\t\t\t\t<h2 class=\"be-title\">&quot;Knuden&quot; f\u00e5r en id\u00e9<\/h2>\t\t\t\t\t\t\t<div class=\"be-content\"><p><strong>MAJ 2020<\/strong><\/p><p>Martin Knude sidder i sit hus i Jels og savner musikken og festival stemningen. Og der er ikke langt fra id\u00e9 til handling. Hans store nyanlagte tr\u00e6-terrasse ville v\u00e6re perfekt som udescene og rock og heavy metal var temaet... nu manglede bare bands og udstyr...<\/p><\/div>\t\t\t\t\t\t<\/div>\n\n\t\t\t\t\t\n\t\t\t\t<\/div>\n\n\t\t\t<\/div>\n\t\t<\/div>\n\t\t\t<\/li>\n\t\t\t<li class=\"timeline-inverted\"> \n\t\t\t<div class=\"tl-circ\"><\/div>\n\t\t <div class=\"timeline-panel\">\n\t\t   <div class=\"tl-heading\">\n\t\t\t <div class=\"tl-content\">\n\n\t\t\t    \n\t\t\t\t\t\t\n\t\t\t\t\t\t<div class=\"be-desc\">\n\t\t\t\t\t\t\t<h2 class=\"be-title\">OUT OF QUARANTINE PARTY<\/h2>\t\t\t\t\t\t\t<div class=\"be-content\"><p><strong>JUNI 2020<\/strong><\/p><p>Sammen med familie og venner bliver der planlagt scene, lydanl\u00e6g og helstegt pattegris til alle g\u00e6ster. Festivalen bliver d\u00f8bt OUT OF QUARANTINE PARTY i h\u00e5bet om at det ville v\u00e6re f\u00f8rste og sidste \u00e5r covid-19 skulle bremse de offentlige arrangementer. 8 bands meldte sig klar til at komme og spille kvit og frit, og festivalen var en realitet.<\/p><\/div>\t\t\t\t\t\t<\/div>\n\n\t\t\t\t\t\n\t\t\t\t<\/div>\n\n\t\t\t<\/div>\n\t\t<\/div>\n\t\t\t<\/li>\n\t\t\t<li class=\"timeline-right\"> \n\t\t\t<div class=\"tl-circ\"><\/div>\n\t\t <div class=\"timeline-panel\">\n\t\t   <div class=\"tl-heading\">\n\t\t\t <div class=\"tl-content\">\n\n\t\t\t    \n\t\t\t\t\t\t<div class=\"timeline_pic pull-left\"><img fetchpriority=\"high\" decoding=\"async\" width=\"249\" height=\"400\" src=\"https:\/\/www.jelsfest.dk\/2024\/wp-content\/uploads\/2023\/05\/admin-ajax.png\" class=\"attachment-full size-full wp-image-8548\" srcset=\"https:\/\/www.jelsfest.dk\/2024\/wp-content\/uploads\/2023\/05\/admin-ajax.png 249w, https:\/\/www.jelsfest.dk\/2024\/wp-content\/uploads\/2023\/05\/admin-ajax-187x300.png 187w\" sizes=\"(max-width: 249px) 100vw, 249px\" \/><\/div>\n\t\t\t\t\t\t<div class=\"be-desc\">\n\t\t\t\t\t\t\t<h2 class=\"be-title\">S\u00e5 er der fest!<\/h2>\t\t\t\t\t\t\t<div class=\"be-content\"><p class=\"wpr-title-wrap\"><strong>8. AUGUST 2020<\/strong><\/p><div class=\"wpr-description\"><p>Festen var en succes. Vejret var fantastisk. Det blev afholdt som en privatfest for inviterede g\u00e6ster for at omg\u00e5 dav\u00e6rende corona-regler vedr. forsamlingsforbud. Folk havde selv drikkevarer med og dagen var fantastisk. Ca. 150 g\u00e6ster plus bands havde en fantastisk dag.<br \/><br \/><a href=\"https:\/\/youtu.be\/lUsSVDHAJFo\" target=\"_blank\" rel=\"noopener\"><strong>YOUTUBE VIDEO<\/strong><\/a><\/p><\/div><\/div>\t\t\t\t\t\t<\/div>\n\n\t\t\t\t\t\n\t\t\t\t<\/div>\n\n\t\t\t<\/div>\n\t\t<\/div>\n\t\t\t<\/li>\n\t\t\t<li class=\"timeline-inverted\"> \n\t\t\t<div class=\"tl-circ\"><\/div>\n\t\t <div class=\"timeline-panel\">\n\t\t   <div class=\"tl-heading\">\n\t\t\t <div class=\"tl-content\">\n\n\t\t\t    \n\t\t\t\t\t\t<div class=\"timeline_pic pull-left\"><img decoding=\"async\" width=\"244\" height=\"400\" src=\"https:\/\/www.jelsfest.dk\/2024\/wp-content\/uploads\/2023\/05\/admin-ajax-1.png\" class=\"attachment-full size-full wp-image-8549\" srcset=\"https:\/\/www.jelsfest.dk\/2024\/wp-content\/uploads\/2023\/05\/admin-ajax-1.png 244w, https:\/\/www.jelsfest.dk\/2024\/wp-content\/uploads\/2023\/05\/admin-ajax-1-183x300.png 183w\" sizes=\"(max-width: 244px) 100vw, 244px\" \/><\/div>\n\t\t\t\t\t\t<div class=\"be-desc\">\n\t\t\t\t\t\t\t<h2 class=\"be-title\">Out of Quarantine part 2<\/h2>\t\t\t\t\t\t\t<div class=\"be-content\"><p class=\"wpr-title-wrap\"><strong>7. AUGUST 2021<\/strong><\/p><div class=\"wpr-description\"><p>COVID-19 h\u00e6rgede stadigv\u00e6k i hele verden, s\u00e5 Danmark havde endnu et \u00e5r uden arrangementer. Derfor blev OUT OF QUARANTINE PART 2 afholdt endnu en gang som et privat arrangement under samme pr\u00e6mis som \u00e5ret f\u00f8r, kun inviterede g\u00e6ster og medbragte drikkevarer. Denne gang var vejr-guderne \"dersv\u00e6rre\" ikke med os, og der varslede regn og uvejr. Derfor blev arrangmentet i sidste \u00f8jeblik flyttet til VALHAL der har til huse ved Jels Vikingespil. 10 bands kom og spillede for ca. 250 g\u00e6ster. Flytningen til VALHAL ville vise sig at s\u00e6tte gang i endnu st\u00f8rre dr\u00f8mme.<br \/><br \/>Turen i Valhal bliver betegnet som det f\u00f8rste \u00e5r som officiel festival og tidsregningen for JELSFEST starter her.<\/p><p><a href=\"https:\/\/youtu.be\/lNyiKytE8B0\" target=\"_blank\" rel=\"noopener\"><strong>YOUTUBE VIDEO<\/strong><\/a><\/p><\/div><\/div>\t\t\t\t\t\t<\/div>\n\n\t\t\t\t\t\n\t\t\t\t<\/div>\n\n\t\t\t<\/div>\n\t\t<\/div>\n\t\t\t<\/li>\n\t\t\t<li class=\"timeline-right\"> \n\t\t\t<div class=\"tl-circ\"><\/div>\n\t\t <div class=\"timeline-panel\">\n\t\t   <div class=\"tl-heading\">\n\t\t\t <div class=\"tl-content\">\n\n\t\t\t    \n\t\t\t\t\t\t\n\t\t\t\t\t\t<div class=\"be-desc\">\n\t\t\t\t\t\t\t<h2 class=\"be-title\">VALHAL gav mod p\u00e5 mere<\/h2>\t\t\t\t\t\t\t<div class=\"be-content\"><p class=\"wpr-title-wrap\">De fantastiske omgivelser ved JELS VIKINGESPIL gav grovbund til at videreudvikle OUT OF QUARANTINE PARTY og lave den til en rigtig festival. Der blev oprettet en bestyrelse og planl\u00e6gning om en 1-dags festival i Jels blev en realitet. Navnet p\u00e5 festivalen blev \u00e6ndret til JELSFEST. Festivalen skulle v\u00e6re en blanding af etablerede bands og upcoming bands der ville pr\u00f8ve at give den gas p\u00e5 en scene foran en flok rock-glade mennesker.<\/p><\/div>\t\t\t\t\t\t<\/div>\n\n\t\t\t\t\t\n\t\t\t\t<\/div>\n\n\t\t\t<\/div>\n\t\t<\/div>\n\t\t\t<\/li>\n\t\t\t<li class=\"timeline-inverted\"> \n\t\t\t<div class=\"tl-circ\"><\/div>\n\t\t <div class=\"timeline-panel\">\n\t\t   <div class=\"tl-heading\">\n\t\t\t <div class=\"tl-content\">\n\n\t\t\t    \n\t\t\t\t\t\t<div class=\"timeline_pic pull-left\"><img decoding=\"async\" width=\"243\" height=\"400\" src=\"https:\/\/www.jelsfest.dk\/2024\/wp-content\/uploads\/2023\/05\/admin-ajax-2.png\" class=\"attachment-full size-full wp-image-8550\" srcset=\"https:\/\/www.jelsfest.dk\/2024\/wp-content\/uploads\/2023\/05\/admin-ajax-2.png 243w, https:\/\/www.jelsfest.dk\/2024\/wp-content\/uploads\/2023\/05\/admin-ajax-2-182x300.png 182w\" sizes=\"(max-width: 243px) 100vw, 243px\" \/><\/div>\n\t\t\t\t\t\t<div class=\"be-desc\">\n\t\t\t\t\t\t\t<h2 class=\"be-title\">TID TIL GENERALPR\u00d8VEN<\/h2>\t\t\t\t\t\t\t<div class=\"be-content\"><p class=\"wpr-title-wrap\"><strong>6. AUGUST 2022<\/strong><\/p><div class=\"wpr-description\"><p>Corona var endelig ikke en h\u00e6mmesko for at afholde en festival l\u00e6ngere. Men det blev besluttet stadig at afholde den f\u00f8rste JELSFEST som en privatfest, kun for inviterede g\u00e6ster og med medbragte drikkevarer. En slags d\u00e5b for at se om der var basis for en rigtig festival. Festivalen blev afholdt som om det var en \"rigtig\" festival med sikkerhedsfolk, madboder og en inde- og udescene hvor dette \u00e5rs program talte hele 15 bands og ca. 350 g\u00e6ster.<\/p><p><a href=\"https:\/\/youtu.be\/eVFCC1tMBF0\" target=\"_blank\" rel=\"noopener\">YOUTUBE VIDEO<\/a><\/p><\/div><\/div>\t\t\t\t\t\t<\/div>\n\n\t\t\t\t\t\n\t\t\t\t<\/div>\n\n\t\t\t<\/div>\n\t\t<\/div>\n\t\t\t<\/li>\n\t\t\t<li class=\"timeline-right\"> \n\t\t\t<div class=\"tl-circ\"><\/div>\n\t\t <div class=\"timeline-panel\">\n\t\t   <div class=\"tl-heading\">\n\t\t\t <div class=\"tl-content\">\n\n\t\t\t    \n\t\t\t\t\t\t<div class=\"timeline_pic pull-left\"><img loading=\"lazy\" decoding=\"async\" width=\"244\" height=\"400\" src=\"https:\/\/www.jelsfest.dk\/2024\/wp-content\/uploads\/2023\/05\/admin-ajax-3.png\" class=\"attachment-full size-full wp-image-8551\" srcset=\"https:\/\/www.jelsfest.dk\/2024\/wp-content\/uploads\/2023\/05\/admin-ajax-3.png 244w, https:\/\/www.jelsfest.dk\/2024\/wp-content\/uploads\/2023\/05\/admin-ajax-3-183x300.png 183w\" sizes=\"(max-width: 244px) 100vw, 244px\" \/><\/div>\n\t\t\t\t\t\t<div class=\"be-desc\">\n\t\t\t\t\t\t\t<h2 class=\"be-title\">F\u00d8RSTE OFFENTLIGE FESTIVAL<\/h2>\t\t\t\t\t\t\t<div class=\"be-content\"><p class=\"wpr-title-wrap\"><strong>5. AUGUST 2023<\/strong><\/p><div class=\"wpr-description\"><p>I 2023 skulle JELSFEST st\u00e5 sin pr\u00f8ve som den f\u00f8rste offentlige festival med billetsalg. 14 bands kom og spillede og billetten indeholder fri bar hele dagen. Festivalen blev udsolgt 170 dage f\u00f8r den skulle afholdes og blev en k\u00e6mpe succes. Samtlige bands gav den fuld gas og festivalen blev lukket og slukket med fyrv\u00e6rkeri!<br \/><br \/><a href=\"https:\/\/youtu.be\/HBzicOpctZU\" target=\"_blank\" rel=\"noopener\">YOUTUBE VIDEO<\/a><\/p><\/div><\/div>\t\t\t\t\t\t<\/div>\n\n\t\t\t\t\t\n\t\t\t\t<\/div>\n\n\t\t\t<\/div>\n\t\t<\/div>\n\t\t\t<\/li>\n\t\t\t<li class=\"timeline-inverted\"> \n\t\t\t<div class=\"tl-circ\"><\/div>\n\t\t <div class=\"timeline-panel\">\n\t\t   <div class=\"tl-heading\">\n\t\t\t <div class=\"tl-content\">\n\n\t\t\t    \n\t\t\t\t\t\t<div class=\"timeline_pic pull-left\"><img loading=\"lazy\" decoding=\"async\" width=\"1448\" height=\"2048\" src=\"https:\/\/www.jelsfest.dk\/2024\/wp-content\/uploads\/2024\/01\/jelsfest2024.jpg\" class=\"attachment-full size-full wp-image-11573\" srcset=\"https:\/\/www.jelsfest.dk\/2024\/wp-content\/uploads\/2024\/01\/jelsfest2024.jpg 1448w, https:\/\/www.jelsfest.dk\/2024\/wp-content\/uploads\/2024\/01\/jelsfest2024-212x300.jpg 212w, https:\/\/www.jelsfest.dk\/2024\/wp-content\/uploads\/2024\/01\/jelsfest2024-724x1024.jpg 724w, https:\/\/www.jelsfest.dk\/2024\/wp-content\/uploads\/2024\/01\/jelsfest2024-768x1086.jpg 768w, https:\/\/www.jelsfest.dk\/2024\/wp-content\/uploads\/2024\/01\/jelsfest2024-1086x1536.jpg 1086w\" sizes=\"(max-width: 1448px) 100vw, 1448px\" \/><\/div>\n\t\t\t\t\t\t<div class=\"be-desc\">\n\t\t\t\t\t\t\t<h2 class=\"be-title\">2024... Hell yeaah..!<\/h2>\t\t\t\t\t\t\t<div class=\"be-content\"><p class=\"wpr-title-wrap\"><strong>3. AUGUST 2024<\/strong><\/p><div class=\"wpr-description\"><p>JELSFEST har voksev\u00e6rk og programmet til 2024 er klar... Denne gang kommer der bands b\u00e5de indenrigs, men ogs\u00e5 fra bl.a. Ungarn, Tyskland og Frankrig. Festivalen er udsolgt - men skriv dig p\u00e5 ventelisten - m\u00e5ske bliver der frigivet flere billetter p\u00e5 et senere tidspunkt.<\/p><\/div><\/div>\t\t\t\t\t\t<\/div>\n\n\t\t\t\t\t\n\t\t\t\t<\/div>\n\n\t\t\t<\/div>\n\t\t<\/div>\n\t\t\t<\/li>\n\t\t\t \n      <\/ul>\n\n\t\t\t\t\t<\/div>\n\t\t\t\t<\/div>\n\t\t\t\t\t<\/div>\n\t\t\t\t<\/div>\n\t\t<div class=\"elementor-element elementor-element-e7e09c2 e-flex e-con-boxed e-con e-parent\" data-id=\"e7e09c2\" data-element_type=\"container\" data-e-type=\"container\">\n\t\t\t\t\t<div class=\"e-con-inner\">\n\t\t\t\t<div class=\"elementor-element elementor-element-99dcdbc exad-sticky-section-no exad-glass-effect-no elementor-widget elementor-widget-image\" data-id=\"99dcdbc\" data-element_type=\"widget\" data-e-type=\"widget\" data-widget_type=\"image.default\">\n\t\t\t\t<div class=\"elementor-widget-container\">\n\t\t\t\t\t\t\t\t\t\t\t\t\t\t\t<img loading=\"lazy\" decoding=\"async\" width=\"960\" height=\"345\" src=\"https:\/\/www.jelsfest.dk\/2024\/wp-content\/uploads\/2024\/06\/sponsor-v3-1024x368.png\" class=\"attachment-large size-large wp-image-11935\" alt=\"\" srcset=\"https:\/\/www.jelsfest.dk\/2024\/wp-content\/uploads\/2024\/06\/sponsor-v3-1024x368.png 1024w, https:\/\/www.jelsfest.dk\/2024\/wp-content\/uploads\/2024\/06\/sponsor-v3-300x108.png 300w, https:\/\/www.jelsfest.dk\/2024\/wp-content\/uploads\/2024\/06\/sponsor-v3-768x276.png 768w, https:\/\/www.jelsfest.dk\/2024\/wp-content\/uploads\/2024\/06\/sponsor-v3-1536x552.png 1536w, https:\/\/www.jelsfest.dk\/2024\/wp-content\/uploads\/2024\/06\/sponsor-v3-600x215.png 600w, https:\/\/www.jelsfest.dk\/2024\/wp-content\/uploads\/2024\/06\/sponsor-v3.png 1590w\" sizes=\"(max-width: 960px) 100vw, 960px\" \/>\t\t\t\t\t\t\t\t\t\t\t\t\t\t\t<\/div>\n\t\t\t\t<\/div>\n\t\t\t\t\t<\/div>\n\t\t\t\t<\/div>\n\t\t\t\t<\/div>\n\t\t","protected":false},"excerpt":{"rendered":"<p>I begyndelsen kom lyden&#8230; Man siger det skal v\u00e6re skidt, f\u00f8r det kan blive godt. Og i for\u00e5ret 2020 blev det virkeligt skidt&#8230; ikke kun for lille Danmark, men hele kloden. COVID19 h\u00e6rgede hele verdenen og utallige restriktioner gjorde det besv\u00e6rligt at afholde arrangemeter med store forsamlinger. Derved ogs\u00e5 umuligt at afholde musikfestivaler. Heldigvis var&#8230;<\/p>\n","protected":false},"author":1,"featured_media":0,"parent":0,"menu_order":0,"comment_status":"closed","ping_status":"closed","template":"","meta":{"footnotes":""},"class_list":{"0":"post-8490","1":"page","2":"type-page","3":"status-publish","4":"hentry","5":"nt-post-class","6":"","7":"thumb-none","9":"excerpt-none"},"_links":{"self":[{"href":"https:\/\/www.jelsfest.dk\/2024\/wp-json\/wp\/v2\/pages\/8490","targetHints":{"allow":["GET"]}}],"collection":[{"href":"https:\/\/www.jelsfest.dk\/2024\/wp-json\/wp\/v2\/pages"}],"about":[{"href":"https:\/\/www.jelsfest.dk\/2024\/wp-json\/wp\/v2\/types\/page"}],"author":[{"embeddable":true,"href":"https:\/\/www.jelsfest.dk\/2024\/wp-json\/wp\/v2\/users\/1"}],"replies":[{"embeddable":true,"href":"https:\/\/www.jelsfest.dk\/2024\/wp-json\/wp\/v2\/comments?post=8490"}],"version-history":[{"count":82,"href":"https:\/\/www.jelsfest.dk\/2024\/wp-json\/wp\/v2\/pages\/8490\/revisions"}],"predecessor-version":[{"id":11938,"href":"https:\/\/www.jelsfest.dk\/2024\/wp-json\/wp\/v2\/pages\/8490\/revisions\/11938"}],"wp:attachment":[{"href":"https:\/\/www.jelsfest.dk\/2024\/wp-json\/wp\/v2\/media?parent=8490"}],"curies":[{"name":"wp","href":"https:\/\/api.w.org\/{rel}","templated":true}]}}