{"id":8432,"date":"2023-05-09T07:37:28","date_gmt":"2023-05-09T07:37:28","guid":{"rendered":"https:\/\/www.jelsfest.dk\/2024\/?page_id=8432"},"modified":"2024-06-13T19:39:48","modified_gmt":"2024-06-13T19:39:48","slug":"sponsorer","status":"publish","type":"page","link":"https:\/\/www.jelsfest.dk\/2024\/sponsorer\/","title":{"rendered":"SPONSORER"},"content":{"rendered":"\t\t<div data-elementor-type=\"wp-page\" data-elementor-id=\"8432\" class=\"elementor elementor-8432\" data-elementor-post-type=\"page\">\n\t\t\t\t\t\t<section class=\"elementor-section elementor-top-section elementor-element elementor-element-38cba7a nt-section section-padding elementor-section-content-middle elementor-section-boxed elementor-section-height-default elementor-section-height-default exad-glass-effect-no exad-sticky-section-no\" data-id=\"38cba7a\" data-element_type=\"section\" data-e-type=\"section\" data-settings=\"{&quot;background_background&quot;:&quot;classic&quot;}\">\n\t\t\t\t\t\t<div class=\"elementor-container elementor-column-gap-default\">\n\t\t\t\t\t<div class=\"elementor-column elementor-col-100 elementor-top-column elementor-element elementor-element-2f93d1a exad-glass-effect-no exad-sticky-section-no\" data-id=\"2f93d1a\" data-element_type=\"column\" data-e-type=\"column\">\n\t\t\t<div class=\"elementor-widget-wrap elementor-element-populated\">\n\t\t\t\t\t\t<div class=\"elementor-element elementor-element-4fa7bab wixi-transform transform-type-translate exad-sticky-section-no exad-glass-effect-no elementor-widget elementor-widget-heading\" data-id=\"4fa7bab\" data-element_type=\"widget\" data-e-type=\"widget\" data-widget_type=\"heading.default\">\n\t\t\t\t<div class=\"elementor-widget-container\">\n\t\t\t\t\t<h2 class=\"elementor-heading-title elementor-size-default\">Uden Jer, ingen JELSFEST!<\/h2>\t\t\t\t<\/div>\n\t\t\t\t<\/div>\n\t\t\t\t\t<\/div>\n\t\t<\/div>\n\t\t\t\t\t<\/div>\n\t\t<\/section>\n\t\t<div class=\"elementor-element elementor-element-c236865 e-flex e-con-boxed e-con e-parent\" data-id=\"c236865\" data-element_type=\"container\" data-e-type=\"container\">\n\t\t\t\t\t<div class=\"e-con-inner\">\n\t\t\t\t<div class=\"elementor-element elementor-element-2b5d186 exad-sticky-section-no exad-glass-effect-no elementor-widget elementor-widget-text-editor\" data-id=\"2b5d186\" data-element_type=\"widget\" data-e-type=\"widget\" data-widget_type=\"text-editor.default\">\n\t\t\t\t<div class=\"elementor-widget-container\">\n\t\t\t\t\t\t\t\t\t<p>Uden vores sponsorer, ville der n\u00e6ppe v\u00e6re nogen <strong>JELSFEST<\/strong>&#8230; det ville ihvertfald g\u00e5 udover billetpriserne og dermed ogs\u00e5 selve festivalen.\u00a0<br \/><span style=\"background-color: var( --e-global-color-33236d48 );\">Derfor er vi yderst taknemmelige over for alle vores sponsorer, uanset hvilket bel\u00f8b vi modtager.<br \/>Som <strong>NON-PROFIT<\/strong> festival er der ingen penge der g\u00e5r i private lommer og alle hj\u00e6lper med p\u00e5 frivillig basis.<\/span><\/p><p>Herunder kan du se hvilke bel\u00f8bsmuligheder der er og hvad vi kan tilbyde de forskellige modeller.<br \/>Har du et alternativt tilbud til nedenst\u00e5ende, er du altid velkommen til at kontakte os p\u00e5 <a href=\"mailto:info@jelsfest.dk\">info@jelsfest.dk<\/a><\/p>\t\t\t\t\t\t\t\t<\/div>\n\t\t\t\t<\/div>\n\t\t<div class=\"elementor-element elementor-element-215eaa6 e-flex e-con-boxed e-con e-child\" data-id=\"215eaa6\" data-element_type=\"container\" data-e-type=\"container\">\n\t\t\t\t\t<div class=\"e-con-inner\">\n\t\t<div class=\"elementor-element elementor-element-40d79d3 e-con-full e-flex e-con e-child\" data-id=\"40d79d3\" data-element_type=\"container\" data-e-type=\"container\">\n\t\t\t\t<div class=\"exad-link-anything-wrapper elementor-element elementor-element-15a02ee exad-sticky-section-no exad-glass-effect-no elementor-widget elementor-widget-exad-pricing-table\" data-exad-element-link=\"{&quot;url&quot;:&quot;mailto:info@jelsfest.dk&quot;,&quot;is_external&quot;:&quot;on&quot;,&quot;nofollow&quot;:&quot;&quot;,&quot;custom_attributes&quot;:&quot;&quot;}\" style=\"cursor: pointer\" data-id=\"15a02ee\" data-element_type=\"widget\" data-e-type=\"widget\" data-widget_type=\"exad-pricing-table.default\">\n\t\t\t\t<div class=\"elementor-widget-container\">\n\t\t\t\t\t\r\n\t\t<div class=\"exad-pricing-table-wrapper exad-pricing-table center transition_zoom\">\r\n\t\t\t\t\t\t<div class=\"exad-pricing-table-badge-wrapper\">\r\n\r\n\t\t\t\t\r\n\t\t\t\t<div class=\"exad-pricing-table-header\">\r\n\t\t\t\t\t\t\t\t\t\t\r\n\t\t\t\t\t<h3 class=\"exad-pricing-table-title\">\r\n\t\t\t\t\t\r\n\t\t\t\t\tBRONZE\t\t\t\t\t\r\n\t\t\t\t\t<\/h3>\r\n\t\t\t\t\t\r\n\t\t\t\t\t\r\n\t\t\t\t\t<div class=\"exad-pricing-table-price exad-discount-price-\">\r\n\t\t\t\t\t\t\t\t\t\t\t\t<p class=\"exad-pricing-table-new-price\">\t\t\t\t\t\t\t\r\n\t\t\t\t\t\t\t\r\n\t\t\t\t\t\t\t\t\t\t\t\t\t\t\r\n\t\t\t\t\t\t\t<span class=\"exad-pricing-table-price\">\r\n\t\t\t\t\t\t\t\r\n\t\t\t\t\t\t\t2.500\t\t\t\t\t\t\t\r\n\t\t\t\t\t\t\t<\/span>\r\n\t\t\t\t\t\t\t\r\n\t\t\t\t\t\t\t\r\n\t\t\t\t\t\t\t\t\t\t\t\t\t\t\t<span class=\"exad-pricing-table-currency\">kr<\/span>\t\t\t\t\t\t\t\r\n\t\t\t\t\t\t\t\t\t\t\t\t\t<\/p>\r\n\t\t\t\t\t<\/div>\r\n\r\n\t\t\t\t\t\r\n\t\t\t\t\t\r\n\t\t\t\t\t\r\n\t\t\t\t\t\t\t\t\t<\/div>\r\n\t\t\t\t\r\n\t\t\t\t \r\n\t\t\t\t\t\t\t\t\t<ul class=\"exad-pricing-table-features list-border-bottom\">\r\n\t\t\t\t\t\t \r\n\r\n\t\t\t\t\t\t\t\r\n\t\t\t\t\t\t\t<li class=\"exad-pricing-table-features-enable elementor-repeater-item-58c43d0\">\r\n\t\t\t\t\t\t\t\t\t\t\t\t\t\t\t\t\r\n\t\t\t\t\t\t\t\t\t\t\t\t\t\t\t\t\r\n\t\t\t\t\t\t\t\t<span class=\"exad-pricing-item\">\r\n\t\t\t\t\t\t\t\tFirmanavn i festivalprogram\t\t\t\t\t\t\t\t<\/span>\r\n\t\t\t\t\t\t\t\t\r\n\t\t\t\t\t\t\t\t\t\t\t\t\t\t\t<\/li>\r\n\r\n\t\t\t\t\t\t \r\n\r\n\t\t\t\t\t\t\t\r\n\t\t\t\t\t\t\t<li class=\"exad-pricing-table-features-enable elementor-repeater-item-cd69193\">\r\n\t\t\t\t\t\t\t\t\t\t\t\t\t\t\t\t\r\n\t\t\t\t\t\t\t\t\t\t\t\t\t\t\t\t\r\n\t\t\t\t\t\t\t\t<span class=\"exad-pricing-item\">\r\n\t\t\t\t\t\t\t\tFirmanavn p\u00e5 banner ved festival\t\t\t\t\t\t\t\t<\/span>\r\n\t\t\t\t\t\t\t\t\r\n\t\t\t\t\t\t\t\t\t\t\t\t\t\t\t<\/li>\r\n\r\n\t\t\t\t\t\t \r\n\r\n\t\t\t\t\t\t\t\r\n\t\t\t\t\t\t\t<li class=\"exad-pricing-table-features-enable elementor-repeater-item-15b1a8f\">\r\n\t\t\t\t\t\t\t\t\t\t\t\t\t\t\t\t\r\n\t\t\t\t\t\t\t\t\t\t\t\t\t\t\t\t\r\n\t\t\t\t\t\t\t\t<span class=\"exad-pricing-item\">\r\n\t\t\t\t\t\t\t\t\u00c5 manne tak!\t\t\t\t\t\t\t\t<\/span>\r\n\t\t\t\t\t\t\t\t\r\n\t\t\t\t\t\t\t\t\t\t\t\t\t\t\t<\/li>\r\n\r\n\t\t\t\t\t\t\t\t\t\t\t<\/ul>\r\n\t\t\t\t\r\n\t\t\t\t\r\n\t\t\t\t\t\t\t\t\t\t\t<a class=\"exad-pricing-table-action\" href=\"#\">\r\n\t\t\t<span>\r\n\t\t\t\tKONTAKT OS\t\t\t<\/span>\r\n\t\t<\/a>\r\n\t\t\t\t\t\t \r\n\t\t\t\t\t\t\t<\/div>\r\n\t\t\t\t\t<\/div>\r\n\t\t\t\t\t\t<\/div>\n\t\t\t\t<\/div>\n\t\t\t\t<\/div>\n\t\t<div class=\"elementor-element elementor-element-d60e9d0 e-con-full e-flex e-con e-child\" data-id=\"d60e9d0\" data-element_type=\"container\" data-e-type=\"container\">\n\t\t\t\t<div class=\"exad-link-anything-wrapper elementor-element elementor-element-1c71afb exad-sticky-section-no exad-glass-effect-no elementor-widget elementor-widget-exad-pricing-table\" data-exad-element-link=\"{&quot;url&quot;:&quot;mailto:info@jelsfest.dk&quot;,&quot;is_external&quot;:&quot;on&quot;,&quot;nofollow&quot;:&quot;&quot;,&quot;custom_attributes&quot;:&quot;&quot;}\" style=\"cursor: pointer\" data-id=\"1c71afb\" data-element_type=\"widget\" data-e-type=\"widget\" data-widget_type=\"exad-pricing-table.default\">\n\t\t\t\t<div class=\"elementor-widget-container\">\n\t\t\t\t\t\r\n\t\t<div class=\"exad-pricing-table-wrapper exad-pricing-table center transition_zoom\">\r\n\t\t\t\t\t\t<div class=\"exad-pricing-table-badge-wrapper\">\r\n\r\n\t\t\t\t\r\n\t\t\t\t<div class=\"exad-pricing-table-header\">\r\n\t\t\t\t\t\t\t\t\t\t\r\n\t\t\t\t\t<h3 class=\"exad-pricing-table-title\">\r\n\t\t\t\t\t\r\n\t\t\t\t\tS\u00d8LV\t\t\t\t\t\r\n\t\t\t\t\t<\/h3>\r\n\t\t\t\t\t\r\n\t\t\t\t\t\r\n\t\t\t\t\t<div class=\"exad-pricing-table-price exad-discount-price-\">\r\n\t\t\t\t\t\t\t\t\t\t\t\t<p class=\"exad-pricing-table-new-price\">\t\t\t\t\t\t\t\r\n\t\t\t\t\t\t\t\r\n\t\t\t\t\t\t\t\t\t\t\t\t\t\t\r\n\t\t\t\t\t\t\t<span class=\"exad-pricing-table-price\">\r\n\t\t\t\t\t\t\t\r\n\t\t\t\t\t\t\t5.000\t\t\t\t\t\t\t\r\n\t\t\t\t\t\t\t<\/span>\r\n\t\t\t\t\t\t\t\r\n\t\t\t\t\t\t\t\r\n\t\t\t\t\t\t\t\t\t\t\t\t\t\t\t<span class=\"exad-pricing-table-currency\">kr<\/span>\t\t\t\t\t\t\t\r\n\t\t\t\t\t\t\t\t\t\t\t\t\t<\/p>\r\n\t\t\t\t\t<\/div>\r\n\r\n\t\t\t\t\t\r\n\t\t\t\t\t\r\n\t\t\t\t\t\r\n\t\t\t\t\t\t\t\t\t<\/div>\r\n\t\t\t\t\r\n\t\t\t\t \r\n\t\t\t\t\t\t\t\t\t<ul class=\"exad-pricing-table-features list-border-bottom\">\r\n\t\t\t\t\t\t \r\n\r\n\t\t\t\t\t\t\t\r\n\t\t\t\t\t\t\t<li class=\"exad-pricing-table-features-enable elementor-repeater-item-58c43d0\">\r\n\t\t\t\t\t\t\t\t\t\t\t\t\t\t\t\t\r\n\t\t\t\t\t\t\t\t\t\t\t\t\t\t\t\t\r\n\t\t\t\t\t\t\t\t<span class=\"exad-pricing-item\">\r\n\t\t\t\t\t\t\t\tLogo i festivalprogram\t\t\t\t\t\t\t\t<\/span>\r\n\t\t\t\t\t\t\t\t\r\n\t\t\t\t\t\t\t\t\t\t\t\t\t\t\t<\/li>\r\n\r\n\t\t\t\t\t\t \r\n\r\n\t\t\t\t\t\t\t\r\n\t\t\t\t\t\t\t<li class=\"exad-pricing-table-features-enable elementor-repeater-item-cd69193\">\r\n\t\t\t\t\t\t\t\t\t\t\t\t\t\t\t\t\r\n\t\t\t\t\t\t\t\t\t\t\t\t\t\t\t\t\r\n\t\t\t\t\t\t\t\t<span class=\"exad-pricing-item\">\r\n\t\t\t\t\t\t\t\tLogo p\u00e5 banner ved festival\t\t\t\t\t\t\t\t<\/span>\r\n\t\t\t\t\t\t\t\t\r\n\t\t\t\t\t\t\t\t\t\t\t\t\t\t\t<\/li>\r\n\r\n\t\t\t\t\t\t \r\n\r\n\t\t\t\t\t\t\t\r\n\t\t\t\t\t\t\t<li class=\"exad-pricing-table-features-enable elementor-repeater-item-94f2066\">\r\n\t\t\t\t\t\t\t\t\t\t\t\t\t\t\t\t\r\n\t\t\t\t\t\t\t\t\t\t\t\t\t\t\t\t\r\n\t\t\t\t\t\t\t\t<span class=\"exad-pricing-item\">\r\n\t\t\t\t\t\t\t\t2 billetter\t\t\t\t\t\t\t\t<\/span>\r\n\t\t\t\t\t\t\t\t\r\n\t\t\t\t\t\t\t\t\t\t\t\t\t\t\t<\/li>\r\n\r\n\t\t\t\t\t\t \r\n\r\n\t\t\t\t\t\t\t\r\n\t\t\t\t\t\t\t<li class=\"exad-pricing-table-features-enable elementor-repeater-item-3589642\">\r\n\t\t\t\t\t\t\t\t\t\t\t\t\t\t\t\t\r\n\t\t\t\t\t\t\t\t\t\t\t\t\t\t\t\t\r\n\t\t\t\t\t\t\t\t<span class=\"exad-pricing-item\">\r\n\t\t\t\t\t\t\t\t\u00c5 richte manne tak!\t\t\t\t\t\t\t\t<\/span>\r\n\t\t\t\t\t\t\t\t\r\n\t\t\t\t\t\t\t\t\t\t\t\t\t\t\t<\/li>\r\n\r\n\t\t\t\t\t\t\t\t\t\t\t<\/ul>\r\n\t\t\t\t\r\n\t\t\t\t\r\n\t\t\t\t\t\t\t\t\t\t\t<a class=\"exad-pricing-table-action\" href=\"#\">\r\n\t\t\t<span>\r\n\t\t\t\tKONTAKT OS\t\t\t<\/span>\r\n\t\t<\/a>\r\n\t\t\t\t\t\t \r\n\t\t\t\t\t\t\t<\/div>\r\n\t\t\t\t\t<\/div>\r\n\t\t\t\t\t\t<\/div>\n\t\t\t\t<\/div>\n\t\t\t\t<\/div>\n\t\t<div class=\"elementor-element elementor-element-22cbfbd e-con-full e-flex e-con e-child\" data-id=\"22cbfbd\" data-element_type=\"container\" data-e-type=\"container\">\n\t\t\t\t<div class=\"exad-link-anything-wrapper elementor-element elementor-element-87a7ab7 exad-sticky-section-no exad-glass-effect-no elementor-widget elementor-widget-exad-pricing-table\" data-exad-element-link=\"{&quot;url&quot;:&quot;mailto:info@jelsfest.dk&quot;,&quot;is_external&quot;:&quot;on&quot;,&quot;nofollow&quot;:&quot;&quot;,&quot;custom_attributes&quot;:&quot;&quot;}\" style=\"cursor: pointer\" data-id=\"87a7ab7\" data-element_type=\"widget\" data-e-type=\"widget\" data-widget_type=\"exad-pricing-table.default\">\n\t\t\t\t<div class=\"elementor-widget-container\">\n\t\t\t\t\t\r\n\t\t<div class=\"exad-pricing-table-wrapper exad-pricing-table center transition_zoom\">\r\n\t\t\t\t\t\t<div class=\"exad-pricing-table-badge-wrapper\">\r\n\r\n\t\t\t\t\r\n\t\t\t\t<div class=\"exad-pricing-table-header\">\r\n\t\t\t\t\t\t\t\t\t\t\r\n\t\t\t\t\t<h3 class=\"exad-pricing-table-title\">\r\n\t\t\t\t\t\r\n\t\t\t\t\tGULD\t\t\t\t\t\r\n\t\t\t\t\t<\/h3>\r\n\t\t\t\t\t\r\n\t\t\t\t\t\r\n\t\t\t\t\t<div class=\"exad-pricing-table-price exad-discount-price-\">\r\n\t\t\t\t\t\t\t\t\t\t\t\t<p class=\"exad-pricing-table-new-price\">\t\t\t\t\t\t\t\r\n\t\t\t\t\t\t\t\r\n\t\t\t\t\t\t\t\t\t\t\t\t\t\t\r\n\t\t\t\t\t\t\t<span class=\"exad-pricing-table-price\">\r\n\t\t\t\t\t\t\t\r\n\t\t\t\t\t\t\t8.500\t\t\t\t\t\t\t\r\n\t\t\t\t\t\t\t<\/span>\r\n\t\t\t\t\t\t\t\r\n\t\t\t\t\t\t\t\r\n\t\t\t\t\t\t\t\t\t\t\t\t\t\t\t<span class=\"exad-pricing-table-currency\">kr<\/span>\t\t\t\t\t\t\t\r\n\t\t\t\t\t\t\t\t\t\t\t\t\t<\/p>\r\n\t\t\t\t\t<\/div>\r\n\r\n\t\t\t\t\t\r\n\t\t\t\t\t\r\n\t\t\t\t\t\r\n\t\t\t\t\t\t\t\t\t<\/div>\r\n\t\t\t\t\r\n\t\t\t\t \r\n\t\t\t\t\t\t\t\t\t<ul class=\"exad-pricing-table-features list-border-bottom\">\r\n\t\t\t\t\t\t \r\n\r\n\t\t\t\t\t\t\t\r\n\t\t\t\t\t\t\t<li class=\"exad-pricing-table-features-enable elementor-repeater-item-58c43d0\">\r\n\t\t\t\t\t\t\t\t\t\t\t\t\t\t\t\t\r\n\t\t\t\t\t\t\t\t\t\t\t\t\t\t\t\t\r\n\t\t\t\t\t\t\t\t<span class=\"exad-pricing-item\">\r\n\t\t\t\t\t\t\t\tLogo i festivalprogram\t\t\t\t\t\t\t\t<\/span>\r\n\t\t\t\t\t\t\t\t\r\n\t\t\t\t\t\t\t\t\t\t\t\t\t\t\t<\/li>\r\n\r\n\t\t\t\t\t\t \r\n\r\n\t\t\t\t\t\t\t\r\n\t\t\t\t\t\t\t<li class=\"exad-pricing-table-features-enable elementor-repeater-item-cd69193\">\r\n\t\t\t\t\t\t\t\t\t\t\t\t\t\t\t\t\r\n\t\t\t\t\t\t\t\t\t\t\t\t\t\t\t\t\r\n\t\t\t\t\t\t\t\t<span class=\"exad-pricing-item\">\r\n\t\t\t\t\t\t\t\tLogo p\u00e5 banner ved festival\t\t\t\t\t\t\t\t<\/span>\r\n\t\t\t\t\t\t\t\t\r\n\t\t\t\t\t\t\t\t\t\t\t\t\t\t\t<\/li>\r\n\r\n\t\t\t\t\t\t \r\n\r\n\t\t\t\t\t\t\t\r\n\t\t\t\t\t\t\t<li class=\"exad-pricing-table-features-enable elementor-repeater-item-94f2066\">\r\n\t\t\t\t\t\t\t\t\t\t\t\t\t\t\t\t\r\n\t\t\t\t\t\t\t\t\t\t\t\t\t\t\t\t\r\n\t\t\t\t\t\t\t\t<span class=\"exad-pricing-item\">\r\n\t\t\t\t\t\t\t\t4 billetter\t\t\t\t\t\t\t\t<\/span>\r\n\t\t\t\t\t\t\t\t\r\n\t\t\t\t\t\t\t\t\t\t\t\t\t\t\t<\/li>\r\n\r\n\t\t\t\t\t\t \r\n\r\n\t\t\t\t\t\t\t\r\n\t\t\t\t\t\t\t<li class=\"exad-pricing-table-features-enable elementor-repeater-item-f632b48\">\r\n\t\t\t\t\t\t\t\t\t\t\t\t\t\t\t\t\r\n\t\t\t\t\t\t\t\t\t\t\t\t\t\t\t\t\r\n\t\t\t\t\t\t\t\t<span class=\"exad-pricing-item\">\r\n\t\t\t\t\t\t\t\t4 JELSFEST T-shirts\t\t\t\t\t\t\t\t<\/span>\r\n\t\t\t\t\t\t\t\t\r\n\t\t\t\t\t\t\t\t\t\t\t\t\t\t\t<\/li>\r\n\r\n\t\t\t\t\t\t \r\n\r\n\t\t\t\t\t\t\t\r\n\t\t\t\t\t\t\t<li class=\"exad-pricing-table-features-enable elementor-repeater-item-473d103\">\r\n\t\t\t\t\t\t\t\t\t\t\t\t\t\t\t\t\r\n\t\t\t\t\t\t\t\t\t\t\t\t\t\t\t\t\r\n\t\t\t\t\t\t\t\t<span class=\"exad-pricing-item\">\r\n\t\t\t\t\t\t\t\tN\u00e6vnt af konferencier\t\t\t\t\t\t\t\t<\/span>\r\n\t\t\t\t\t\t\t\t\r\n\t\t\t\t\t\t\t\t\t\t\t\t\t\t\t<\/li>\r\n\r\n\t\t\t\t\t\t \r\n\r\n\t\t\t\t\t\t\t\r\n\t\t\t\t\t\t\t<li class=\"exad-pricing-table-features-enable elementor-repeater-item-f68c264\">\r\n\t\t\t\t\t\t\t\t\t\t\t\t\t\t\t\t\r\n\t\t\t\t\t\t\t\t\t\t\t\t\t\t\t\t\r\n\t\t\t\t\t\t\t\t<span class=\"exad-pricing-item\">\r\n\t\t\t\t\t\t\t\tBand sponsor *\t\t\t\t\t\t\t\t<\/span>\r\n\t\t\t\t\t\t\t\t\r\n\t\t\t\t\t\t\t\t\t\t\t\t\t\t\t<\/li>\r\n\r\n\t\t\t\t\t\t \r\n\r\n\t\t\t\t\t\t\t\r\n\t\t\t\t\t\t\t<li class=\"exad-pricing-table-features-enable elementor-repeater-item-a3e96e1\">\r\n\t\t\t\t\t\t\t\t\t\t\t\t\t\t\t\t\r\n\t\t\t\t\t\t\t\t\t\t\t\t\t\t\t\t\r\n\t\t\t\t\t\t\t\t<span class=\"exad-pricing-item\">\r\n\t\t\t\t\t\t\t\t\u00c5 richte manne tak!\t\t\t\t\t\t\t\t<\/span>\r\n\t\t\t\t\t\t\t\t\r\n\t\t\t\t\t\t\t\t\t\t\t\t\t\t\t<\/li>\r\n\r\n\t\t\t\t\t\t\t\t\t\t\t<\/ul>\r\n\t\t\t\t\r\n\t\t\t\t\r\n\t\t\t\t\t\t\t\t\t\t\t<a class=\"exad-pricing-table-action\" href=\"#\">\r\n\t\t\t<span>\r\n\t\t\t\tKONTAKT OS\t\t\t<\/span>\r\n\t\t<\/a>\r\n\t\t\t\t\t\t \r\n\t\t\t\t\t\t\t<\/div>\r\n\t\t\t\t\t<\/div>\r\n\t\t\t\t\t\t<\/div>\n\t\t\t\t<\/div>\n\t\t\t\t<\/div>\n\t\t<div class=\"elementor-element elementor-element-93ab366 e-con-full e-flex e-con e-child\" data-id=\"93ab366\" data-element_type=\"container\" data-e-type=\"container\">\n\t\t\t\t<div class=\"exad-link-anything-wrapper elementor-element elementor-element-46e6eaa exad-sticky-section-no exad-glass-effect-no elementor-widget elementor-widget-exad-pricing-table\" data-exad-element-link=\"{&quot;url&quot;:&quot;mailto:info@jelsfest.dk&quot;,&quot;is_external&quot;:&quot;on&quot;,&quot;nofollow&quot;:&quot;&quot;,&quot;custom_attributes&quot;:&quot;&quot;}\" style=\"cursor: pointer\" data-id=\"46e6eaa\" data-element_type=\"widget\" data-e-type=\"widget\" data-widget_type=\"exad-pricing-table.default\">\n\t\t\t\t<div class=\"elementor-widget-container\">\n\t\t\t\t\t\r\n\t\t<div class=\"exad-pricing-table-wrapper exad-pricing-table center transition_zoom\">\r\n\t\t\t\t\t\t<div class=\"exad-pricing-table-badge-wrapper\">\r\n\r\n\t\t\t\t\r\n\t\t\t\t<div class=\"exad-pricing-table-header\">\r\n\t\t\t\t\t\t\t\t\t\t\r\n\t\t\t\t\t<h3 class=\"exad-pricing-table-title\">\r\n\t\t\t\t\t\r\n\t\t\t\t\tPLATIN\t\t\t\t\t\r\n\t\t\t\t\t<\/h3>\r\n\t\t\t\t\t\r\n\t\t\t\t\t\r\n\t\t\t\t\t<div class=\"exad-pricing-table-price exad-discount-price-\">\r\n\t\t\t\t\t\t\t\t\t\t\t\t<p class=\"exad-pricing-table-new-price\">\t\t\t\t\t\t\t\r\n\t\t\t\t\t\t\t\r\n\t\t\t\t\t\t\t\t\t\t\t\t\t\t\r\n\t\t\t\t\t\t\t<span class=\"exad-pricing-table-price\">\r\n\t\t\t\t\t\t\t\r\n\t\t\t\t\t\t\t15.000+\t\t\t\t\t\t\t\r\n\t\t\t\t\t\t\t<\/span>\r\n\t\t\t\t\t\t\t\r\n\t\t\t\t\t\t\t\r\n\t\t\t\t\t\t\t\t\t\t\t\t\t\t\t<span class=\"exad-pricing-table-currency\">kr<\/span>\t\t\t\t\t\t\t\r\n\t\t\t\t\t\t\t\t\t\t\t\t\t<\/p>\r\n\t\t\t\t\t<\/div>\r\n\r\n\t\t\t\t\t\r\n\t\t\t\t\t\r\n\t\t\t\t\t\r\n\t\t\t\t\t\t\t\t\t<\/div>\r\n\t\t\t\t\r\n\t\t\t\t \r\n\t\t\t\t\t\t\t\t\t<ul class=\"exad-pricing-table-features list-border-bottom\">\r\n\t\t\t\t\t\t \r\n\r\n\t\t\t\t\t\t\t\r\n\t\t\t\t\t\t\t<li class=\"exad-pricing-table-features-enable elementor-repeater-item-58c43d0\">\r\n\t\t\t\t\t\t\t\t\t\t\t\t\t\t\t\t\r\n\t\t\t\t\t\t\t\t\t\t\t\t\t\t\t\t\r\n\t\t\t\t\t\t\t\t<span class=\"exad-pricing-item\">\r\n\t\t\t\t\t\t\t\tHOVEDSPONSOR\t\t\t\t\t\t\t\t<\/span>\r\n\t\t\t\t\t\t\t\t\r\n\t\t\t\t\t\t\t\t\t\t\t\t\t\t\t<\/li>\r\n\r\n\t\t\t\t\t\t \r\n\r\n\t\t\t\t\t\t\t\r\n\t\t\t\t\t\t\t<li class=\"exad-pricing-table-features-enable elementor-repeater-item-164f732\">\r\n\t\t\t\t\t\t\t\t\t\t\t\t\t\t\t\t\r\n\t\t\t\t\t\t\t\t\t\t\t\t\t\t\t\t\r\n\t\t\t\t\t\t\t\t<span class=\"exad-pricing-item\">\r\n\t\t\t\t\t\t\t\tLogo i festivalprogram\t\t\t\t\t\t\t\t<\/span>\r\n\t\t\t\t\t\t\t\t\r\n\t\t\t\t\t\t\t\t\t\t\t\t\t\t\t<\/li>\r\n\r\n\t\t\t\t\t\t \r\n\r\n\t\t\t\t\t\t\t\r\n\t\t\t\t\t\t\t<li class=\"exad-pricing-table-features-enable elementor-repeater-item-cd69193\">\r\n\t\t\t\t\t\t\t\t\t\t\t\t\t\t\t\t\r\n\t\t\t\t\t\t\t\t\t\t\t\t\t\t\t\t\r\n\t\t\t\t\t\t\t\t<span class=\"exad-pricing-item\">\r\n\t\t\t\t\t\t\t\tLogo p\u00e5 banner ved festival\t\t\t\t\t\t\t\t<\/span>\r\n\t\t\t\t\t\t\t\t\r\n\t\t\t\t\t\t\t\t\t\t\t\t\t\t\t<\/li>\r\n\r\n\t\t\t\t\t\t \r\n\r\n\t\t\t\t\t\t\t\r\n\t\t\t\t\t\t\t<li class=\"exad-pricing-table-features-enable elementor-repeater-item-94f2066\">\r\n\t\t\t\t\t\t\t\t\t\t\t\t\t\t\t\t\r\n\t\t\t\t\t\t\t\t\t\t\t\t\t\t\t\t\r\n\t\t\t\t\t\t\t\t<span class=\"exad-pricing-item\">\r\n\t\t\t\t\t\t\t\t8 billetter\t\t\t\t\t\t\t\t<\/span>\r\n\t\t\t\t\t\t\t\t\r\n\t\t\t\t\t\t\t\t\t\t\t\t\t\t\t<\/li>\r\n\r\n\t\t\t\t\t\t \r\n\r\n\t\t\t\t\t\t\t\r\n\t\t\t\t\t\t\t<li class=\"exad-pricing-table-features-enable elementor-repeater-item-f632b48\">\r\n\t\t\t\t\t\t\t\t\t\t\t\t\t\t\t\t\r\n\t\t\t\t\t\t\t\t\t\t\t\t\t\t\t\t\r\n\t\t\t\t\t\t\t\t<span class=\"exad-pricing-item\">\r\n\t\t\t\t\t\t\t\t8 JELSFEST T-shirts\t\t\t\t\t\t\t\t<\/span>\r\n\t\t\t\t\t\t\t\t\r\n\t\t\t\t\t\t\t\t\t\t\t\t\t\t\t<\/li>\r\n\r\n\t\t\t\t\t\t \r\n\r\n\t\t\t\t\t\t\t\r\n\t\t\t\t\t\t\t<li class=\"exad-pricing-table-features-enable elementor-repeater-item-473d103\">\r\n\t\t\t\t\t\t\t\t\t\t\t\t\t\t\t\t\r\n\t\t\t\t\t\t\t\t\t\t\t\t\t\t\t\t\r\n\t\t\t\t\t\t\t\t<span class=\"exad-pricing-item\">\r\n\t\t\t\t\t\t\t\tN\u00e6vnt af konferencier\t\t\t\t\t\t\t\t<\/span>\r\n\t\t\t\t\t\t\t\t\r\n\t\t\t\t\t\t\t\t\t\t\t\t\t\t\t<\/li>\r\n\r\n\t\t\t\t\t\t \r\n\r\n\t\t\t\t\t\t\t\r\n\t\t\t\t\t\t\t<li class=\"exad-pricing-table-features-enable elementor-repeater-item-f68c264\">\r\n\t\t\t\t\t\t\t\t\t\t\t\t\t\t\t\t\r\n\t\t\t\t\t\t\t\t\t\t\t\t\t\t\t\t\r\n\t\t\t\t\t\t\t\t<span class=\"exad-pricing-item\">\r\n\t\t\t\t\t\t\t\tBand sponsor *\t\t\t\t\t\t\t\t<\/span>\r\n\t\t\t\t\t\t\t\t\r\n\t\t\t\t\t\t\t\t\t\t\t\t\t\t\t<\/li>\r\n\r\n\t\t\t\t\t\t \r\n\r\n\t\t\t\t\t\t\t\r\n\t\t\t\t\t\t\t<li class=\"exad-pricing-table-features-enable elementor-repeater-item-0ac82e1\">\r\n\t\t\t\t\t\t\t\t\t\t\t\t\t\t\t\t\r\n\t\t\t\t\t\t\t\t\t\t\t\t\t\t\t\t\r\n\t\t\t\t\t\t\t\t<span class=\"exad-pricing-item\">\r\n\t\t\t\t\t\t\t\tLogo p\u00e5 medhj\u00e6lper t-shirts\t\t\t\t\t\t\t\t<\/span>\r\n\t\t\t\t\t\t\t\t\r\n\t\t\t\t\t\t\t\t\t\t\t\t\t\t\t<\/li>\r\n\r\n\t\t\t\t\t\t \r\n\r\n\t\t\t\t\t\t\t\r\n\t\t\t\t\t\t\t<li class=\"exad-pricing-table-features-enable elementor-repeater-item-136f2ab\">\r\n\t\t\t\t\t\t\t\t\t\t\t\t\t\t\t\t\r\n\t\t\t\t\t\t\t\t\t\t\t\t\t\t\t\t\r\n\t\t\t\t\t\t\t\t<span class=\"exad-pricing-item\">\r\n\t\t\t\t\t\t\t\tLogo p\u00e5 billetter\t\t\t\t\t\t\t\t<\/span>\r\n\t\t\t\t\t\t\t\t\r\n\t\t\t\t\t\t\t\t\t\t\t\t\t\t\t<\/li>\r\n\r\n\t\t\t\t\t\t \r\n\r\n\t\t\t\t\t\t\t\r\n\t\t\t\t\t\t\t<li class=\"exad-pricing-table-features-enable elementor-repeater-item-bdcfbe8\">\r\n\t\t\t\t\t\t\t\t\t\t\t\t\t\t\t\t\r\n\t\t\t\t\t\t\t\t\t\t\t\t\t\t\t\t\r\n\t\t\t\t\t\t\t\t<span class=\"exad-pricing-item\">\r\n\t\t\t\t\t\t\t\tArtikel i festivalprogram **\t\t\t\t\t\t\t\t<\/span>\r\n\t\t\t\t\t\t\t\t\r\n\t\t\t\t\t\t\t\t\t\t\t\t\t\t\t<\/li>\r\n\r\n\t\t\t\t\t\t \r\n\r\n\t\t\t\t\t\t\t\r\n\t\t\t\t\t\t\t<li class=\"exad-pricing-table-features-enable elementor-repeater-item-dad5857\">\r\n\t\t\t\t\t\t\t\t\t\t\t\t\t\t\t\t\r\n\t\t\t\t\t\t\t\t\t\t\t\t\t\t\t\t\r\n\t\t\t\t\t\t\t\t<span class=\"exad-pricing-item\">\r\n\t\t\t\t\t\t\t\t\u00c5 richte, richte manne tak!\t\t\t\t\t\t\t\t<\/span>\r\n\t\t\t\t\t\t\t\t\r\n\t\t\t\t\t\t\t\t\t\t\t\t\t\t\t<\/li>\r\n\r\n\t\t\t\t\t\t\t\t\t\t\t<\/ul>\r\n\t\t\t\t\r\n\t\t\t\t\r\n\t\t\t\t\t\t\t\t\t\t\t<a class=\"exad-pricing-table-action\" href=\"#\">\r\n\t\t\t<span>\r\n\t\t\t\tKONTAKT OS\t\t\t<\/span>\r\n\t\t<\/a>\r\n\t\t\t\t\t\t \r\n\t\t\t\t\t\t\t<\/div>\r\n\t\t\t\t\t<\/div>\r\n\t\t\t\t\t\t<\/div>\n\t\t\t\t<\/div>\n\t\t\t\t<\/div>\n\t\t\t\t\t<\/div>\n\t\t\t\t<\/div>\n\t\t\t\t\t<\/div>\n\t\t\t\t<\/div>\n\t\t<div class=\"elementor-element elementor-element-bedb81d e-flex e-con-boxed e-con e-parent\" data-id=\"bedb81d\" data-element_type=\"container\" data-e-type=\"container\">\n\t\t\t\t\t<div class=\"e-con-inner\">\n\t\t\t\t<div class=\"elementor-element elementor-element-2d559f4 exad-sticky-section-no exad-glass-effect-no elementor-widget elementor-widget-text-editor\" data-id=\"2d559f4\" data-element_type=\"widget\" data-e-type=\"widget\" data-widget_type=\"text-editor.default\">\n\t\t\t\t<div class=\"elementor-widget-container\">\n\t\t\t\t\t\t\t\t\t<p><i>* Bliv officielt sponsor af \u00e9t af bandsene. \u00d8nsker du ikke et specifikt band, finder vi et til dig.<br \/>** Artikel i festivalprogram. F\u00e5 skrevet en artikel om dit firma i vores festivalprogram (minimum 2 sider)<\/i><\/p>\t\t\t\t\t\t\t\t<\/div>\n\t\t\t\t<\/div>\n\t\t\t\t\t<\/div>\n\t\t\t\t<\/div>\n\t\t<div class=\"elementor-element elementor-element-78248b4 e-flex e-con-boxed e-con e-parent\" data-id=\"78248b4\" data-element_type=\"container\" data-e-type=\"container\">\n\t\t\t\t\t<div class=\"e-con-inner\">\n\t\t\t\t<div class=\"elementor-element elementor-element-07e46b5 exad-sticky-section-no exad-glass-effect-no elementor-widget elementor-widget-image\" data-id=\"07e46b5\" data-element_type=\"widget\" data-e-type=\"widget\" data-widget_type=\"image.default\">\n\t\t\t\t<div class=\"elementor-widget-container\">\n\t\t\t\t\t\t\t\t\t\t\t\t\t\t\t<img fetchpriority=\"high\" decoding=\"async\" width=\"960\" height=\"345\" src=\"https:\/\/www.jelsfest.dk\/2024\/wp-content\/uploads\/2024\/06\/sponsor-v3-1024x368.png\" class=\"attachment-large size-large wp-image-11935\" alt=\"\" srcset=\"https:\/\/www.jelsfest.dk\/2024\/wp-content\/uploads\/2024\/06\/sponsor-v3-1024x368.png 1024w, https:\/\/www.jelsfest.dk\/2024\/wp-content\/uploads\/2024\/06\/sponsor-v3-300x108.png 300w, https:\/\/www.jelsfest.dk\/2024\/wp-content\/uploads\/2024\/06\/sponsor-v3-768x276.png 768w, https:\/\/www.jelsfest.dk\/2024\/wp-content\/uploads\/2024\/06\/sponsor-v3-1536x552.png 1536w, https:\/\/www.jelsfest.dk\/2024\/wp-content\/uploads\/2024\/06\/sponsor-v3-600x215.png 600w, https:\/\/www.jelsfest.dk\/2024\/wp-content\/uploads\/2024\/06\/sponsor-v3.png 1590w\" sizes=\"(max-width: 960px) 100vw, 960px\" \/>\t\t\t\t\t\t\t\t\t\t\t\t\t\t\t<\/div>\n\t\t\t\t<\/div>\n\t\t\t\t\t<\/div>\n\t\t\t\t<\/div>\n\t\t\t\t<\/div>\n\t\t","protected":false},"excerpt":{"rendered":"<p>Uden Jer, ingen JELSFEST! Uden vores sponsorer, ville der n\u00e6ppe v\u00e6re nogen JELSFEST&#8230; det ville ihvertfald g\u00e5 udover billetpriserne og dermed ogs\u00e5 selve festivalen.\u00a0Derfor er vi yderst taknemmelige over for alle vores sponsorer, uanset hvilket bel\u00f8b vi modtager.Som NON-PROFIT festival er der ingen penge der g\u00e5r i private lommer og alle hj\u00e6lper med p\u00e5 frivillig&#8230;<\/p>\n","protected":false},"author":1,"featured_media":0,"parent":0,"menu_order":0,"comment_status":"closed","ping_status":"closed","template":"","meta":{"footnotes":""},"class_list":{"0":"post-8432","1":"page","2":"type-page","3":"status-publish","4":"hentry","5":"nt-post-class","6":"","7":"thumb-none","9":"excerpt-none"},"_links":{"self":[{"href":"https:\/\/www.jelsfest.dk\/2024\/wp-json\/wp\/v2\/pages\/8432","targetHints":{"allow":["GET"]}}],"collection":[{"href":"https:\/\/www.jelsfest.dk\/2024\/wp-json\/wp\/v2\/pages"}],"about":[{"href":"https:\/\/www.jelsfest.dk\/2024\/wp-json\/wp\/v2\/types\/page"}],"author":[{"embeddable":true,"href":"https:\/\/www.jelsfest.dk\/2024\/wp-json\/wp\/v2\/users\/1"}],"replies":[{"embeddable":true,"href":"https:\/\/www.jelsfest.dk\/2024\/wp-json\/wp\/v2\/comments?post=8432"}],"version-history":[{"count":76,"href":"https:\/\/www.jelsfest.dk\/2024\/wp-json\/wp\/v2\/pages\/8432\/revisions"}],"predecessor-version":[{"id":11944,"href":"https:\/\/www.jelsfest.dk\/2024\/wp-json\/wp\/v2\/pages\/8432\/revisions\/11944"}],"wp:attachment":[{"href":"https:\/\/www.jelsfest.dk\/2024\/wp-json\/wp\/v2\/media?parent=8432"}],"curies":[{"name":"wp","href":"https:\/\/api.w.org\/{rel}","templated":true}]}}