{"id":537,"date":"2021-12-30T19:17:38","date_gmt":"2021-12-30T18:17:38","guid":{"rendered":"https:\/\/www.jelsfest.dk\/2023\/?page_id=537"},"modified":"2023-02-11T21:34:18","modified_gmt":"2023-02-11T20:34:18","slug":"om-jelsfest","status":"publish","type":"page","link":"https:\/\/www.jelsfest.dk\/2023\/om-jelsfest\/","title":{"rendered":"INFORMATION"},"content":{"rendered":"\t\t<div data-elementor-type=\"wp-post\" data-elementor-id=\"537\" class=\"elementor elementor-537\" data-elementor-settings=\"{&quot;ha_cmc_init_switcher&quot;:&quot;no&quot;}\" data-elementor-post-type=\"page\">\n\t\t\t\t\t\t<section class=\"elementor-section elementor-top-section elementor-element elementor-element-3d39460 elementor-section-boxed elementor-section-height-default elementor-section-height-default wpr-particle-no wpr-jarallax-no wpr-parallax-no wpr-sticky-section-no\" data-id=\"3d39460\" data-element_type=\"section\" data-settings=\"{&quot;_ha_eqh_enable&quot;:false}\">\n\t\t\t\t\t\t<div class=\"elementor-container elementor-column-gap-default\">\n\t\t\t\t\t<div class=\"elementor-column elementor-col-100 elementor-top-column elementor-element elementor-element-ca35f13\" data-id=\"ca35f13\" data-element_type=\"column\">\n\t\t\t<div class=\"elementor-widget-wrap elementor-element-populated\">\n\t\t\t\t\t\t<div class=\"elementor-element elementor-element-4cba928 elementor-widget elementor-widget-image\" data-id=\"4cba928\" data-element_type=\"widget\" data-widget_type=\"image.default\">\n\t\t\t\t<div class=\"elementor-widget-container\">\n\t\t\t\t\t\t\t\t\t\t\t\t\t\t\t<img fetchpriority=\"high\" decoding=\"async\" width=\"1024\" height=\"248\" src=\"https:\/\/www.jelsfest.dk\/2023\/wp-content\/uploads\/2022\/09\/JELSFEST2023-information-1024x248.png\" class=\"attachment-large size-large wp-image-2113\" alt=\"\" srcset=\"https:\/\/www.jelsfest.dk\/2023\/wp-content\/uploads\/2022\/09\/JELSFEST2023-information-1024x248.png 1024w, https:\/\/www.jelsfest.dk\/2023\/wp-content\/uploads\/2022\/09\/JELSFEST2023-information-300x73.png 300w, https:\/\/www.jelsfest.dk\/2023\/wp-content\/uploads\/2022\/09\/JELSFEST2023-information-768x186.png 768w, https:\/\/www.jelsfest.dk\/2023\/wp-content\/uploads\/2022\/09\/JELSFEST2023-information-1536x373.png 1536w, https:\/\/www.jelsfest.dk\/2023\/wp-content\/uploads\/2022\/09\/JELSFEST2023-information-2048x497.png 2048w\" sizes=\"(max-width: 1024px) 100vw, 1024px\" \/>\t\t\t\t\t\t\t\t\t\t\t\t\t\t\t<\/div>\n\t\t\t\t<\/div>\n\t\t\t\t\t<\/div>\n\t\t<\/div>\n\t\t\t\t\t<\/div>\n\t\t<\/section>\n\t\t\t\t<section class=\"elementor-section elementor-top-section elementor-element elementor-element-f8c5f32 elementor-section-boxed elementor-section-height-default elementor-section-height-default wpr-particle-no wpr-jarallax-no wpr-parallax-no wpr-sticky-section-no\" data-id=\"f8c5f32\" data-element_type=\"section\" data-settings=\"{&quot;_ha_eqh_enable&quot;:false}\">\n\t\t\t\t\t\t<div class=\"elementor-container elementor-column-gap-default\">\n\t\t\t\t\t<div class=\"elementor-column elementor-col-100 elementor-top-column elementor-element elementor-element-489d2ba\" data-id=\"489d2ba\" data-element_type=\"column\">\n\t\t\t<div class=\"elementor-widget-wrap elementor-element-populated\">\n\t\t\t\t\t\t<div class=\"elementor-element elementor-element-36a5646 elementor-widget elementor-widget-heading\" data-id=\"36a5646\" data-element_type=\"widget\" data-widget_type=\"heading.default\">\n\t\t\t\t<div class=\"elementor-widget-container\">\n\t\t\t\t\t<h2 class=\"elementor-heading-title elementor-size-default\">Alt det praktiske<\/h2>\t\t\t\t<\/div>\n\t\t\t\t<\/div>\n\t\t\t\t<div class=\"elementor-element elementor-element-8863587 elementor-widget elementor-widget-text-editor\" data-id=\"8863587\" data-element_type=\"widget\" data-widget_type=\"text-editor.default\">\n\t\t\t\t<div class=\"elementor-widget-container\">\n\t\t\t\t\t\t\t\t\t<h3>Hvor afholdes JELSFEST?<\/h3><p>Adressen er S\u00f8vej 5c, jels, 6630 r\u00f8dding i de flotte omgivelser omkring Jels S\u00f8 og Vikingespil.<\/p><h3>\u00a0<\/h3><h3>\u00a0<\/h3><h3>\u00a0<\/h3><h3>Er Jelsfest for alle?<\/h3><p>Ja. I \u00e5r, i mods\u00e6tning til de sidste 3 \u00e5r, er JELSFEST en \u00e5ben 1-dags festival. DOG ER DER INGEN ADGANG FOR UNGE UNDER 18 \u00c5R.<br \/>JELSFEST 2023 ER UDSOLGT.<\/p><p>\u00a0<\/p><p>\u00a0<\/p><p>\u00a0<\/p><h3>&#8220;Fri bar&#8221;, hvad betyder dette?<\/h3><p>\u00a0<\/p><p>Det betyder at pungen ikke beh\u00f8ver op af lommen n\u00e5r det g\u00e6lder drikkevarer. I har betalt drikkevarerne p\u00e5<br \/>forh\u00e5nd. I v\u00e6lger mellem 4 forskellige drikkevare-pakker n\u00e5r I bestiller billet. Disse drikkevarer vil v\u00e6re<br \/>tilg\u00e6ngelig hele dagen igennem. Selvom du har valgt en pakke, m\u00e5 du godt drikke andet end din valgte pakke. <br \/>Vi bruger det for at kunne fornemme hvilke drikkevarer vi skal have bestilt.<br \/>Man vil stadig skulle betale for f.eks. kaffe, mad og merchandise p\u00e5 pladsen.<\/p><p>\u00a0<\/p><p><strong>\u00a0<\/strong><\/p><p><strong>\u00a0<\/strong><\/p><p>\u00a0<\/p><h3><strong>Hvorn\u00e5r starter og slutter festivalen?<\/strong><\/h3><p>D\u00f8rene \u00e5bner kl. 10.00 og f\u00f8rste band spiller kl. 11.00.<br \/>Vi forventer at festen slutter omkring kl. 02.00.<\/p><p>\u00a0<\/p><p>\u00a0<\/p><p>\u00a0<\/p><h3><strong>Hvor mange bands kommer der i 2023?<\/strong><\/h3><p>2023 lineup t\u00e6ller 14 bands. Der kan forekomme afbud &#8211; I s\u00e5 fald vil vi fors\u00f8ge at finde en erstatning hvis tiden tillader dette.<\/p><p>\u00a0<\/p><p><strong>\u00a0<\/strong><\/p><p><strong>\u00a0<\/strong><\/p><p>\u00a0<\/p><h3><strong>Hvad slags musik spiller bandsene?<\/strong><\/h3><p>JELSFEST er hovedsageligt en ROCK og METAL festival. Der vil v\u00e6re en fin blanding af COVER, TRIBUTE og ORIGINAL bands. <br \/>Der er noget for enhver smag.<br \/>Vi bestr\u00e6ber os ogs\u00e5 p\u00e5 at give upcoming bands en chance for at komme og spille og m\u00f8de et st\u00f8rre publikum.<\/p><p>\u00a0<\/p><p>\u00a0<\/p><p>\u00a0<\/p><h3><strong>Hvad med sikkerheden p\u00e5 pladsen?<\/strong><\/h3><p>Der er professionelle sikkerhedsvagter p\u00e5 pladsen under hele festivalen.<\/p><p>\u00a0<\/p><p><strong>\u00a0<\/strong><\/p><p><strong>\u00a0<\/strong><\/p><p>\u00a0<\/p><h3><strong>Hvad med mad?<\/strong><\/h3><div><p>Der kan tilk\u00f8bes madbillet n\u00e5r du bestiller adgangsbillet. Men ogs\u00e5 uden madbillet vil der v\u00e6re muligt at k\u00f8be mad p\u00e5 pladsen.<br \/>Maden bliver leveret af Skodborgskov G\u00e5rdbutik, som laver marineret nakkekoteletter med tilbeh\u00f8r. Dette kan man med fordel k\u00f8be sammen med billetten, da prisen vil v\u00e6re h\u00f8jere p\u00e5 selve dagen. Derudover kan der k\u00f8bes franske hotdogs, og grillp\u00f8lser mm. p\u00e5 festivalpladsen.<\/p><\/div><div>\u00a0<br \/><br \/><\/div><div>\u00a0<\/div><h3><strong>Kan man overnatte i n\u00e6rheden?<\/strong><\/h3><p>JELSFEST har ikke selv nogen former for overnatningsmuligheder &#8211; men vi kan henvise til<br \/><a style=\"background-color: #1a1a1a;\" href=\"http:\/\/jelsms.dk\" target=\"_blank\" rel=\"noopener\">JELS MOTEL OG SPORTSCENTER<\/a><br \/><a style=\"background-color: #1a1a1a;\" href=\"http:\/\/www.jelscamping.dk\/\" target=\"_blank\" rel=\"noopener\">JELS\u00d8 CAMPING<\/a><br \/><a href=\"https:\/\/thorhallen.dk\/\" target=\"_blank\" rel=\"noopener\">THORHALLEN<br \/><\/a>Thorhallen \u2013 5 minutters gang fra pladsen<br \/>500 enkelt v\u00e6relse + ink morgenmad\u00a0 &#8211;\u00a0 normal 669<br \/>600 doubletv\u00e6rlse + ink morgenmad &#8211; normal 807<\/p><p>\u00a0<\/p><p>\u00a0<\/p><p>\u00a0<\/p><h3><strong>Kan jeg blive sponsor?<\/strong><\/h3><p>Ja, selvf\u00f8lgeligt kan du det! Og vi tager imod alle sponsorater med kysh\u00e5nd. B\u00e5de store og sm\u00e5 bel\u00f8b.<br \/>Vi har en bred vifte af promotions for dem der \u00f8nsker at sponsorere JELSFEST.<br \/>\u00d8nskes en faktura, er dette selvf\u00f8lgelig ogs\u00e5 muligt.<br \/>Kontakt Martin Knude, for mere information p\u00e5\u00a0<a style=\"background-color: #1a1a1a;\" href=\"mailto:martin@jelsfest.dk\" target=\"_blank\" rel=\"noopener\">martin@jelsfest.dk<\/a><\/p><p>\u00a0<\/p><p>\u00a0<\/p><p>\u00a0<\/p><h3 style=\"font-family: Roboto, sans-serif; font-style: normal;\"><span style=\"font-weight: bolder;\">NON-PROFIT forening<\/span><\/h3><p>JELSFEST er en NON-PROFIT forening. Det betyder ALT overskud g\u00e5r til n\u00e6ste \u00e5rs JELSFEST. Alle &#8220;ansatte&#8221; hj\u00e6lper med p\u00e5 frivillig basis og er ul\u00f8nnet. JELSFEST har en bestyrelse der st\u00e5r for planl\u00e6gning og udf\u00f8rsel af festivalen.<\/p><p>\u00a0<\/p><p><strong>\u00a0<\/strong><\/p><p><strong>\u00a0<\/strong><\/p><p>\u00a0<\/p><h3><strong>Ellers noget?<\/strong><\/h3><p>Ja, vi vil selvf\u00f8lge gerne have at alle har en god fest. Derfor ingen slagsm\u00e5l, v\u00e5ben eller euforiserende stoffer. <br \/>F\u00f8ler vi at folk ikke overholder reglerne eller ikke opf\u00f8rer sig ordentligt, vil man blive bortvist.<br \/>Og s\u00e5 ville det v\u00e6re fedt hvis folk kom fra starten, s\u00e5 alle bands for en god oplevelse!<\/p>\t\t\t\t\t\t\t\t<\/div>\n\t\t\t\t<\/div>\n\t\t\t\t\t<\/div>\n\t\t<\/div>\n\t\t\t\t\t<\/div>\n\t\t<\/section>\n\t\t\t\t<section class=\"elementor-section elementor-top-section elementor-element elementor-element-1a7ebb9 elementor-section-boxed elementor-section-height-default elementor-section-height-default wpr-particle-no wpr-jarallax-no wpr-parallax-no wpr-sticky-section-no\" data-id=\"1a7ebb9\" data-element_type=\"section\" data-settings=\"{&quot;_ha_eqh_enable&quot;:false}\">\n\t\t\t\t\t\t<div class=\"elementor-container elementor-column-gap-default\">\n\t\t\t\t\t<div class=\"elementor-column elementor-col-100 elementor-top-column elementor-element elementor-element-202003d\" data-id=\"202003d\" data-element_type=\"column\">\n\t\t\t<div class=\"elementor-widget-wrap elementor-element-populated\">\n\t\t\t\t\t\t<div class=\"elementor-element elementor-element-597e7a9 elementor-widget elementor-widget-spacer\" data-id=\"597e7a9\" data-element_type=\"widget\" data-widget_type=\"spacer.default\">\n\t\t\t\t<div class=\"elementor-widget-container\">\n\t\t\t\t\t\t\t<div class=\"elementor-spacer\">\n\t\t\t<div class=\"elementor-spacer-inner\"><\/div>\n\t\t<\/div>\n\t\t\t\t\t\t<\/div>\n\t\t\t\t<\/div>\n\t\t\t\t<div class=\"elementor-element elementor-element-888f0ec elementor-widget elementor-widget-text-editor\" data-id=\"888f0ec\" data-element_type=\"widget\" data-widget_type=\"text-editor.default\">\n\t\t\t\t<div class=\"elementor-widget-container\">\n\t\t\t\t\t\t\t\t\t<div><b>JELSFEST BESTYRELSEN<\/b><\/div>\t\t\t\t\t\t\t\t<\/div>\n\t\t\t\t<\/div>\n\t\t\t\t\t<\/div>\n\t\t<\/div>\n\t\t\t\t\t<\/div>\n\t\t<\/section>\n\t\t\t\t<section class=\"elementor-section elementor-top-section elementor-element elementor-element-82219c2 elementor-section-boxed elementor-section-height-default elementor-section-height-default wpr-particle-no wpr-jarallax-no wpr-parallax-no wpr-sticky-section-no\" data-id=\"82219c2\" data-element_type=\"section\" data-settings=\"{&quot;_ha_eqh_enable&quot;:false}\">\n\t\t\t\t\t\t<div class=\"elementor-container elementor-column-gap-default\">\n\t\t\t\t\t<div class=\"elementor-column elementor-col-100 elementor-top-column elementor-element elementor-element-1f3bd8f\" data-id=\"1f3bd8f\" data-element_type=\"column\">\n\t\t\t<div class=\"elementor-widget-wrap elementor-element-populated\">\n\t\t\t\t\t\t<div class=\"elementor-element elementor-element-ffbb055 elementor-widget elementor-widget-text-editor\" data-id=\"ffbb055\" data-element_type=\"widget\" data-widget_type=\"text-editor.default\">\n\t\t\t\t<div class=\"elementor-widget-container\">\n\t\t\t\t\t\t\t\t\t<p>Martin Knude (Formand)<br \/>Mikkel Ellegaard<br \/>Ole Jakobsen<br \/>Morten Stark<br \/>Thor Lynggaard<br \/>Martin Gjelstrup<br \/>Hanne Jantzen (Kasserer)<\/p>\t\t\t\t\t\t\t\t<\/div>\n\t\t\t\t<\/div>\n\t\t\t\t\t<\/div>\n\t\t<\/div>\n\t\t\t\t\t<\/div>\n\t\t<\/section>\n\t\t\t\t<section class=\"elementor-section elementor-top-section elementor-element elementor-element-88fa52b elementor-section-boxed elementor-section-height-default elementor-section-height-default wpr-particle-no wpr-jarallax-no wpr-parallax-no wpr-sticky-section-no\" data-id=\"88fa52b\" data-element_type=\"section\" data-settings=\"{&quot;_ha_eqh_enable&quot;:false}\">\n\t\t\t\t\t\t<div class=\"elementor-container elementor-column-gap-default\">\n\t\t\t\t\t<div class=\"elementor-column elementor-col-100 elementor-top-column elementor-element elementor-element-50b08d1\" data-id=\"50b08d1\" data-element_type=\"column\">\n\t\t\t<div class=\"elementor-widget-wrap\">\n\t\t\t\t\t\t\t<\/div>\n\t\t<\/div>\n\t\t\t\t\t<\/div>\n\t\t<\/section>\n\t\t\t\t<section class=\"elementor-section elementor-top-section elementor-element elementor-element-5800a50 elementor-section-boxed elementor-section-height-default elementor-section-height-default wpr-particle-no wpr-jarallax-no wpr-parallax-no wpr-sticky-section-no\" data-id=\"5800a50\" data-element_type=\"section\" data-settings=\"{&quot;background_background&quot;:&quot;classic&quot;,&quot;_ha_eqh_enable&quot;:false}\">\n\t\t\t\t\t\t<div class=\"elementor-container elementor-column-gap-default\">\n\t\t\t\t\t<div class=\"elementor-column elementor-col-100 elementor-top-column elementor-element elementor-element-7dc48ac\" data-id=\"7dc48ac\" data-element_type=\"column\">\n\t\t\t<div class=\"elementor-widget-wrap elementor-element-populated\">\n\t\t\t\t\t\t<div class=\"elementor-element elementor-element-9e52594 elementor-widget elementor-widget-image\" data-id=\"9e52594\" data-element_type=\"widget\" data-widget_type=\"image.default\">\n\t\t\t\t<div class=\"elementor-widget-container\">\n\t\t\t\t\t\t\t\t\t\t\t\t\t\t\t<img decoding=\"async\" width=\"300\" height=\"200\" src=\"https:\/\/www.jelsfest.dk\/2023\/wp-content\/uploads\/2022\/08\/JELSFEST2023-LOGO-uden-baggrund-300x200.png\" class=\"attachment-medium size-medium wp-image-937\" alt=\"\" srcset=\"https:\/\/www.jelsfest.dk\/2023\/wp-content\/uploads\/2022\/08\/JELSFEST2023-LOGO-uden-baggrund-300x200.png 300w, https:\/\/www.jelsfest.dk\/2023\/wp-content\/uploads\/2022\/08\/JELSFEST2023-LOGO-uden-baggrund-1024x683.png 1024w, https:\/\/www.jelsfest.dk\/2023\/wp-content\/uploads\/2022\/08\/JELSFEST2023-LOGO-uden-baggrund-768x512.png 768w, https:\/\/www.jelsfest.dk\/2023\/wp-content\/uploads\/2022\/08\/JELSFEST2023-LOGO-uden-baggrund-1536x1025.png 1536w, https:\/\/www.jelsfest.dk\/2023\/wp-content\/uploads\/2022\/08\/JELSFEST2023-LOGO-uden-baggrund-2048x1366.png 2048w\" sizes=\"(max-width: 300px) 100vw, 300px\" \/>\t\t\t\t\t\t\t\t\t\t\t\t\t\t\t<\/div>\n\t\t\t\t<\/div>\n\t\t\t\t<div class=\"elementor-element elementor-element-80d35d1 elementor-widget elementor-widget-text-editor\" data-id=\"80d35d1\" data-element_type=\"widget\" data-widget_type=\"text-editor.default\">\n\t\t\t\t<div class=\"elementor-widget-container\">\n\t\t\t\t\t\t\t\t\t<p><b>JELSFEST&nbsp; <\/b>\/\/&nbsp;&nbsp;<span style=\"font-family: var( --e-global-typography-text-font-family ), Sans-serif; font-weight: var( --e-global-typography-text-font-weight );\">Rammelh\u00f8j 1, Jels&nbsp; \/\/&nbsp;&nbsp;<\/span><span style=\"font-family: var( --e-global-typography-text-font-family ), Sans-serif; font-weight: var( --e-global-typography-text-font-weight );\">6630 R\u00f8dding&nbsp; \/\/&nbsp;&nbsp;<\/span><span style=\"font-family: var( --e-global-typography-text-font-family ), Sans-serif; font-weight: var( --e-global-typography-text-font-weight );\">Telefon 30 73 98 60&nbsp; \/\/&nbsp;&nbsp;<\/span><a href=\"mailto:info@jelsfest.dk\" target=\"_blank\" style=\"font-family: var( --e-global-typography-text-font-family ), Sans-serif; font-weight: var( --e-global-typography-text-font-weight ); background-color: rgb(0, 0, 0);\">info@jelsfest.dk<\/a><\/p>\t\t\t\t\t\t\t\t<\/div>\n\t\t\t\t<\/div>\n\t\t\t\t<div class=\"elementor-element elementor-element-3df975c elementor-widget elementor-widget-text-editor\" data-id=\"3df975c\" data-element_type=\"widget\" data-widget_type=\"text-editor.default\">\n\t\t\t\t<div class=\"elementor-widget-container\">\n\t\t\t\t\t\t\t\t\t<h5>Design: Martin Gjelstrup<\/h5>\t\t\t\t\t\t\t\t<\/div>\n\t\t\t\t<\/div>\n\t\t\t\t\t<\/div>\n\t\t<\/div>\n\t\t\t\t\t<\/div>\n\t\t<\/section>\n\t\t\t\t<\/div>\n\t\t","protected":false},"excerpt":{"rendered":"<p>Alt det praktiske Hvor afholdes JELSFEST? Adressen er S\u00f8vej 5c, jels, 6630 r\u00f8dding i de flotte omgivelser omkring Jels S\u00f8 og Vikingespil. \u00a0 \u00a0 \u00a0 Er Jelsfest for alle? Ja. I \u00e5r, i mods\u00e6tning til de sidste 3 \u00e5r, er JELSFEST en \u00e5ben 1-dags festival. DOG ER DER INGEN ADGANG FOR UNGE UNDER 18 \u00c5R.JELSFEST 2023 ER UDSOLGT. \u00a0 \u00a0 \u00a0 &#8220;Fri bar&#8221;, hvad betyder dette? \u00a0 Det betyder at pungen ikke beh\u00f8ver op af lommen n\u00e5r det g\u00e6lder drikkevarer. I har betalt drikkevarerne p\u00e5forh\u00e5nd. I v\u00e6lger mellem 4 forskellige drikkevare-pakker n\u00e5r I bestiller billet. Disse drikkevarer vil v\u00e6retilg\u00e6ngelig hele dagen igennem. Selvom du har valgt en pakke, m\u00e5 du godt drikke andet end din valgte pakke. Vi bruger det for at kunne fornemme hvilke drikkevarer vi skal have bestilt.Man vil stadig skulle betale for f.eks. kaffe, mad og merchandise p\u00e5 pladsen. \u00a0 \u00a0 \u00a0 \u00a0 Hvorn\u00e5r starter og slutter festivalen? D\u00f8rene \u00e5bner kl. 10.00 og f\u00f8rste band spiller kl. 11.00.Vi forventer at festen slutter omkring kl. 02.00. \u00a0 \u00a0 \u00a0 Hvor mange bands kommer der i 2023? 2023 lineup t\u00e6ller 14 bands. Der kan forekomme afbud &#8211; I s\u00e5 fald vil vi fors\u00f8ge at finde en erstatning hvis tiden tillader dette. \u00a0 \u00a0 \u00a0 \u00a0 Hvad slags musik spiller bandsene? JELSFEST er hovedsageligt en ROCK og METAL festival. Der vil v\u00e6re en fin blanding af COVER, TRIBUTE og ORIGINAL bands. Der er noget for enhver smag.Vi bestr\u00e6ber os ogs\u00e5 p\u00e5 at give upcoming bands en chance for at komme og spille og m\u00f8de et st\u00f8rre publikum. \u00a0 \u00a0 \u00a0 Hvad med sikkerheden p\u00e5 pladsen? Der er professionelle sikkerhedsvagter p\u00e5 pladsen under hele festivalen. \u00a0 \u00a0 \u00a0 \u00a0 Hvad med mad? Der kan tilk\u00f8bes madbillet n\u00e5r du bestiller adgangsbillet. Men ogs\u00e5 uden madbillet vil der v\u00e6re muligt at k\u00f8be mad p\u00e5 pladsen.Maden bliver leveret af Skodborgskov G\u00e5rdbutik, som laver marineret nakkekoteletter med tilbeh\u00f8r. Dette kan man med fordel k\u00f8be sammen med billetten, da prisen vil v\u00e6re h\u00f8jere p\u00e5 selve dagen. Derudover kan der k\u00f8bes franske hotdogs, og grillp\u00f8lser mm. p\u00e5 festivalpladsen. \u00a0 \u00a0 Kan man overnatte i n\u00e6rheden? JELSFEST har ikke selv nogen former for overnatningsmuligheder &#8211; men vi kan henvise tilJELS MOTEL OG SPORTSCENTERJELS\u00d8 CAMPINGTHORHALLENThorhallen \u2013 5 minutters gang fra pladsen500 enkelt v\u00e6relse + ink morgenmad\u00a0 &#8211;\u00a0 normal 669600 doubletv\u00e6rlse + ink morgenmad &#8211; normal 807 \u00a0 \u00a0 \u00a0 Kan jeg blive sponsor? Ja, selvf\u00f8lgeligt kan du det! Og vi tager imod alle sponsorater med kysh\u00e5nd. B\u00e5de store og sm\u00e5 bel\u00f8b.Vi har en bred vifte af promotions for dem der \u00f8nsker at sponsorere JELSFEST.\u00d8nskes en faktura, er dette selvf\u00f8lgelig ogs\u00e5 muligt.Kontakt Martin Knude, for mere information p\u00e5\u00a0martin@jelsfest.dk \u00a0 \u00a0 \u00a0 NON-PROFIT forening JELSFEST er en NON-PROFIT forening. Det betyder ALT overskud g\u00e5r til n\u00e6ste \u00e5rs JELSFEST. Alle &#8220;ansatte&#8221; hj\u00e6lper med p\u00e5 frivillig basis og er ul\u00f8nnet. JELSFEST har en bestyrelse der st\u00e5r for planl\u00e6gning og udf\u00f8rsel af festivalen. \u00a0 \u00a0 \u00a0 \u00a0 Ellers noget? Ja, vi vil selvf\u00f8lge gerne have at alle har en god fest. Derfor ingen slagsm\u00e5l, v\u00e5ben eller euforiserende stoffer. F\u00f8ler vi at folk ikke overholder reglerne eller ikke opf\u00f8rer sig ordentligt, vil man blive bortvist.Og s\u00e5 ville det v\u00e6re fedt hvis folk kom fra starten, s\u00e5 alle bands for en god oplevelse! JELSFEST BESTYRELSEN Martin Knude (Formand)Mikkel EllegaardOle JakobsenMorten StarkThor LynggaardMartin GjelstrupHanne Jantzen (Kasserer) JELSFEST&nbsp; \/\/&nbsp;&nbsp;Rammelh\u00f8j 1, Jels&nbsp; \/\/&nbsp;&nbsp;6630 R\u00f8dding&nbsp; \/\/&nbsp;&nbsp;Telefon 30 73 98 60&nbsp; \/\/&nbsp;&nbsp;info@jelsfest.dk Design: Martin Gjelstrup<\/p>\n","protected":false},"author":2,"featured_media":0,"parent":0,"menu_order":0,"comment_status":"closed","ping_status":"closed","template":"elementor_header_footer","meta":{"footnotes":""},"class_list":["post-537","page","type-page","status-publish"],"_links":{"self":[{"href":"https:\/\/www.jelsfest.dk\/2023\/wp-json\/wp\/v2\/pages\/537","targetHints":{"allow":["GET"]}}],"collection":[{"href":"https:\/\/www.jelsfest.dk\/2023\/wp-json\/wp\/v2\/pages"}],"about":[{"href":"https:\/\/www.jelsfest.dk\/2023\/wp-json\/wp\/v2\/types\/page"}],"author":[{"embeddable":true,"href":"https:\/\/www.jelsfest.dk\/2023\/wp-json\/wp\/v2\/users\/2"}],"replies":[{"embeddable":true,"href":"https:\/\/www.jelsfest.dk\/2023\/wp-json\/wp\/v2\/comments?post=537"}],"version-history":[{"count":0,"href":"https:\/\/www.jelsfest.dk\/2023\/wp-json\/wp\/v2\/pages\/537\/revisions"}],"wp:attachment":[{"href":"https:\/\/www.jelsfest.dk\/2023\/wp-json\/wp\/v2\/media?parent=537"}],"curies":[{"name":"wp","href":"https:\/\/api.w.org\/{rel}","templated":true}]}}