{"id":143,"date":"2021-09-06T14:22:49","date_gmt":"2021-09-06T12:22:49","guid":{"rendered":"https:\/\/www.jelsfest.dk\/2023\/?page_id=143"},"modified":"2022-09-17T18:08:27","modified_gmt":"2022-09-17T16:08:27","slug":"cookie-politik","status":"publish","type":"page","link":"https:\/\/www.jelsfest.dk\/2023\/cookie-politik\/","title":{"rendered":"Sm\u00e5kager"},"content":{"rendered":"\t\t<div data-elementor-type=\"wp-page\" data-elementor-id=\"143\" class=\"elementor elementor-143\" data-elementor-settings=\"{&quot;ha_cmc_init_switcher&quot;:&quot;no&quot;}\" data-elementor-post-type=\"page\">\n\t\t\t\t\t\t<section class=\"elementor-section elementor-top-section elementor-element elementor-element-79d43e2 elementor-section-boxed elementor-section-height-default elementor-section-height-default wpr-particle-no wpr-jarallax-no wpr-parallax-no wpr-sticky-section-no\" data-id=\"79d43e2\" data-element_type=\"section\" data-settings=\"{&quot;_ha_eqh_enable&quot;:false}\">\n\t\t\t\t\t\t<div class=\"elementor-container elementor-column-gap-default\">\n\t\t\t\t\t<div class=\"elementor-column elementor-col-100 elementor-top-column elementor-element elementor-element-7b38343\" data-id=\"7b38343\" data-element_type=\"column\">\n\t\t\t<div class=\"elementor-widget-wrap elementor-element-populated\">\n\t\t\t\t\t\t<div class=\"elementor-element elementor-element-e986c91 elementor-widget elementor-widget-text-editor\" data-id=\"e986c91\" data-element_type=\"widget\" data-widget_type=\"text-editor.default\">\n\t\t\t\t<div class=\"elementor-widget-container\">\n\t\t\t\t\t\t\t\t\t<p>COOKIE- OG PRIVATLIVSPOLITIK HOS JELSFEST.DK <br><br>&nbsp;<br><br>Introduktion <br><br>N\u00e5r du bes\u00f8ger vores website bliver der indsamlet oplysninger om dig, som bliver brugt til at tilpasse og forbedre vores indhold og til at skabe mere v\u00e6rdi hos de annoncer, der vises p\u00e5 siden. Hvis du ikke \u00f8nsker, at der bliver indsamlet oplysninger om dig, b\u00f8r du slette dine cookies og undlade videre brug af hjemmesiden. I de nedenst\u00e5ende afsnit har vi uddybet, hvad det er for informationer, der indsamles, deres form\u00e5l og hvilke tredjeparter, der har adgang til dem. <br><br>&nbsp;<br><br>Cookies <br><br>Hjemmesiden anvender &#8220;cookies&#8221;, som er en tekstfil, der gemmes p\u00e5 din computer, mobil el. tilsvarende med form\u00e5let at genkende den, huske indstillinger, udf\u00f8re statistik og m\u00e5lrette annoncer. Cookies kan dog ikke indeholde skadelig kode som fx. virus. <br><br>Det er muligt for dig at slette eller blokere for cookies. Det kan du g\u00f8re ved at f\u00f8lge denne vejledning: http:\/\/minecookies.org\/cookiehandtering <br><br>Hvis du f\u00f8lger vejledningen og sletter eller blokerer cookies, s\u00e5 vil de annoncer du ser kun blive mindre relevante for dig, mens de vil optr\u00e6de hyppigere. Du kan samtidig ogs\u00e5 risikere, at hjemmesiden ikke fungerer optimalt, samt at der er indhold, som du ikke kan f\u00e5 adgang til. <br><br>&nbsp;<br><br>&nbsp;<br><br>&nbsp;<br><br>PERSONOPLYSNINGER <br><br>&nbsp;<br><br>Generelt <br><br>Personoplysninger er alle former for informationer, som i et eller andet omfang kan henf\u00f8res til dig. N\u00e5r du benytter vores website, s\u00e5 indsamler og behandler vi en r\u00e6kke af s\u00e5danne informationer. Det sker f.eks. ved helt almindelige interaktioner p\u00e5 hjemmesiden som fx at du tilmelder dig vores nyhedsbrev, deltager i en konkurrence\/unders\u00f8gelse, registrerer dig som ny bruger\/abonnent eller ved \u00f8vrig brug af services eller k\u00f8b via vores hjemmeside. <br><br>&nbsp;<br><br>Vi indsamler og behandler typisk f\u00f8lgende slags oplysninger: Et unikt ID og tekniske oplysninger om din computer, tablet eller mobiltelefon, dit IP-nummer, geografisk placering, samt hvilke sider du klikker p\u00e5. I det omfang du selv giver eksplicit samtykke og selv indtaster informationerne, behandler vi desuden: Navn, telefonnummer, e-mail, adresse og betalingsoplysninger. Det sker typisk i forbindelse med, at du opretter et login eller ved k\u00f8b p\u00e5 siden. <br><br>&nbsp;<br><br>Sikkerhed <br><br>Vi behandler dine personoplysninger sikkert og fortroligt i overensstemmelse med g\u00e6ldende lovgivning, herunder persondataforordningen og databeskyttelsesloven. <br><br>Dine oplysninger vil alene blive anvendt til det form\u00e5l, de er indsamlet til og vil blive slettet, n\u00e5r dette form\u00e5l er opfyldt eller ikke l\u00e6ngere er relevant. <br><br>Vi har truffet tekniske og organisatoriske foranstaltninger mod, at dine oplysninger h\u00e6ndeligt eller ulovligt bliver slettet, offentliggjort, fortabt, forringet eller kommer til uvedkommendes kendskab, misbruges eller i \u00f8vrigt behandles i strid med lovgivningen. <br><br>&nbsp;<br><br>Form\u00e5l <br><br>Oplysningerne bruges til at identificere dig som bruger og vise dig de annoncer, som vil have mest relevans for dig, at registrere dine k\u00f8b og betalinger, samt at kunne levere dig de services, du har efterspurgt, som fx at modtage nyhedsbreve. Derudover anvender vi oplysningerne til at optimere og forbedre vores services og indhold. <br><br>&nbsp;<br><br>Periode for opbevaring <br><br>Vi opbevarer oplysninger i det tidsrum, som er tilladt i henhold til lovgivningen, og vi sletter dem, n\u00e5r de ikke l\u00e6ngere er n\u00f8dvendige eller relevante. Perioden afh\u00e6nger af, hvilken karakter oplysningen er og baggrunden for opbevaring. Det er derfor ikke muligt at give en generel tidsramme for, hvorn\u00e5r informationer slettes. <br><br>&nbsp;<br><br>Videregivelse af oplysninger <br><br>Data om din brug af websitet, hvilke annoncer du modtager og evt. klikker p\u00e5, geografisk placering, k\u00f8n og alderssegment m.v. videregives til tredjeparter i det omfang oplysningerne er kendt, og s\u00e5fremt vi benytter os af tredjeparter. Du kan se hvilke tredjeparter, der er tale om, i afsnittet om Cookies ovenfor. Oplysningerne bliver anvendt til m\u00e5lrettet annoncering. <br><br>&nbsp;<br><br>Vi benytter derudover en r\u00e6kke tredjeparter til opbevaring og behandling af data. Disse behandler udelukkende oplysninger p\u00e5 vegne af os og m\u00e5 ikke anvende dem til egne form\u00e5l. <br><br>&nbsp;<br><br>Videregivelse af personoplysninger som navn og e-mail m.m. vil kun ske, hvis du selv giver samtykke til det. Vi anvender kun databehandlere i EU eller i lande, der kan give dine oplysninger en tilstr\u00e6kkelig beskyttelse. <br><br>&nbsp;<br><br>Indsigt og klager <br><br>Du har ret til at f\u00e5 oplyst, hvilke personoplysninger, vi behandler om dig i et almindeligt format (dataportabilitet). Du kan desuden til enhver tid g\u00f8re indsigelse mod, at oplysningerne anvendes. Du kan ogs\u00e5 tilbagekalde dit samtykke til, at der bliver behandlet oplysninger om dig. Hvis de oplysninger, der behandles om dig, er forkerte har du ret til, at de bliver rettet eller slettet. Henvendelse herom kan ske til: info@jelsfest.dk. Hvis du vil klage over vores behandling af dine personoplysninger, har du ogs\u00e5 mulighed for at tage kontakt til Datatilsynet. <br><br>\u00d8nsker du ikke l\u00e6ngere, at vi skal behandle dine personoplysninger, eller at vi skal begr\u00e6nse behandlingen af dine personoplysninger, kan du ogs\u00e5 sende os en anmodning herom til ovenn\u00e6vnte e-mailadresse. <br><br>&nbsp;<br><br>Udgiver <br><br>Websitet ejes og publiceres af: <br><br>&nbsp;<br><br>Jelsfest.dk <br><br>Rammelh\u00f8j 1 <br><br>6630 R\u00f8dding, Jels <br><br>Telefon: +4530739860 <br><br>E-mail: info@jelsfest.dk <br><\/p>\t\t\t\t\t\t\t\t<\/div>\n\t\t\t\t<\/div>\n\t\t\t\t\t<\/div>\n\t\t<\/div>\n\t\t\t\t\t<\/div>\n\t\t<\/section>\n\t\t\t\t<\/div>\n\t\t","protected":false},"excerpt":{"rendered":"<p>COOKIE- OG PRIVATLIVSPOLITIK HOS JELSFEST.DK &nbsp; Introduktion N\u00e5r du bes\u00f8ger vores website bliver der indsamlet oplysninger om dig, som bliver brugt til at tilpasse og forbedre vores indhold og til at skabe mere v\u00e6rdi hos de annoncer, der vises p\u00e5 siden. Hvis du ikke \u00f8nsker, at der bliver indsamlet oplysninger om dig, b\u00f8r du slette dine cookies og undlade videre brug af hjemmesiden. I de nedenst\u00e5ende afsnit har vi uddybet, hvad det er for informationer, der indsamles, deres form\u00e5l og hvilke tredjeparter, der har adgang til dem. &nbsp; Cookies Hjemmesiden anvender &#8220;cookies&#8221;, som er en tekstfil, der gemmes p\u00e5 din computer, mobil el. tilsvarende med form\u00e5let at genkende den, huske indstillinger, udf\u00f8re statistik og m\u00e5lrette annoncer. Cookies kan dog ikke indeholde skadelig kode som fx. virus. Det er muligt for dig at slette eller blokere for cookies. Det kan du g\u00f8re ved at f\u00f8lge denne vejledning: http:\/\/minecookies.org\/cookiehandtering Hvis du f\u00f8lger vejledningen og sletter eller blokerer cookies, s\u00e5 vil de annoncer du ser kun blive mindre relevante for dig, mens de vil optr\u00e6de hyppigere. Du kan samtidig ogs\u00e5 risikere, at hjemmesiden ikke fungerer optimalt, samt at der er indhold, som du ikke kan f\u00e5 adgang til. &nbsp; &nbsp; &nbsp; PERSONOPLYSNINGER &nbsp; Generelt Personoplysninger er alle former for informationer, som i et eller andet omfang kan henf\u00f8res til dig. N\u00e5r du benytter vores website, s\u00e5 indsamler og behandler vi en r\u00e6kke af s\u00e5danne informationer. Det sker f.eks. ved helt almindelige interaktioner p\u00e5 hjemmesiden som fx at du tilmelder dig vores nyhedsbrev, deltager i en konkurrence\/unders\u00f8gelse, registrerer dig som ny bruger\/abonnent eller ved \u00f8vrig brug af services eller k\u00f8b via vores hjemmeside. &nbsp; Vi indsamler og behandler typisk f\u00f8lgende slags oplysninger: Et unikt ID og tekniske oplysninger om din computer, tablet eller mobiltelefon, dit IP-nummer, geografisk placering, samt hvilke sider du klikker p\u00e5. I det omfang du selv giver eksplicit samtykke og selv indtaster informationerne, behandler vi desuden: Navn, telefonnummer, e-mail, adresse og betalingsoplysninger. Det sker typisk i forbindelse med, at du opretter et login eller ved k\u00f8b p\u00e5 siden. &nbsp; Sikkerhed Vi behandler dine personoplysninger sikkert og fortroligt i overensstemmelse med g\u00e6ldende lovgivning, herunder persondataforordningen og databeskyttelsesloven. Dine oplysninger vil alene blive anvendt til det form\u00e5l, de er indsamlet til og vil blive slettet, n\u00e5r dette form\u00e5l er opfyldt eller ikke l\u00e6ngere er relevant. Vi har truffet tekniske og organisatoriske foranstaltninger mod, at dine oplysninger h\u00e6ndeligt eller ulovligt bliver slettet, offentliggjort, fortabt, forringet eller kommer til uvedkommendes kendskab, misbruges eller i \u00f8vrigt behandles i strid med lovgivningen. &nbsp; Form\u00e5l Oplysningerne bruges til at identificere dig som bruger og vise dig de annoncer, som vil have mest relevans for dig, at registrere dine k\u00f8b og betalinger, samt at kunne levere dig de services, du har efterspurgt, som fx at modtage nyhedsbreve. Derudover anvender vi oplysningerne til at optimere og forbedre vores services og indhold. &nbsp; Periode for opbevaring Vi opbevarer oplysninger i det tidsrum, som er tilladt i henhold til lovgivningen, og vi sletter dem, n\u00e5r de ikke l\u00e6ngere er n\u00f8dvendige eller relevante. Perioden afh\u00e6nger af, hvilken karakter oplysningen er og baggrunden for opbevaring. Det er derfor ikke muligt at give en generel tidsramme for, hvorn\u00e5r informationer slettes. &nbsp; Videregivelse af oplysninger Data om din brug af websitet, hvilke annoncer du modtager og evt. klikker p\u00e5, geografisk placering, k\u00f8n og alderssegment m.v. videregives til tredjeparter i det omfang oplysningerne er kendt, og s\u00e5fremt vi benytter os af tredjeparter. Du kan se hvilke tredjeparter, der er tale om, i afsnittet om Cookies ovenfor. Oplysningerne bliver anvendt til m\u00e5lrettet annoncering. &nbsp; Vi benytter derudover en r\u00e6kke tredjeparter til opbevaring og behandling af data. Disse behandler udelukkende oplysninger p\u00e5 vegne af os og m\u00e5 ikke anvende dem til egne form\u00e5l. &nbsp; Videregivelse af personoplysninger som navn og e-mail m.m. vil kun ske, hvis du selv giver samtykke til det. Vi anvender kun databehandlere i EU eller i lande, der kan give dine oplysninger en tilstr\u00e6kkelig beskyttelse. &nbsp; Indsigt og klager Du har ret til at f\u00e5 oplyst, hvilke personoplysninger, vi behandler om dig i et almindeligt format (dataportabilitet). Du kan desuden til enhver tid g\u00f8re indsigelse mod, at oplysningerne anvendes. Du kan ogs\u00e5 tilbagekalde dit samtykke til, at der bliver behandlet oplysninger om dig. Hvis de oplysninger, der behandles om dig, er forkerte har du ret til, at de bliver rettet eller slettet. Henvendelse herom kan ske til: info@jelsfest.dk. Hvis du vil klage over vores behandling af dine personoplysninger, har du ogs\u00e5 mulighed for at tage kontakt til Datatilsynet. \u00d8nsker du ikke l\u00e6ngere, at vi skal behandle dine personoplysninger, eller at vi skal begr\u00e6nse behandlingen af dine personoplysninger, kan du ogs\u00e5 sende os en anmodning herom til ovenn\u00e6vnte e-mailadresse. &nbsp; Udgiver Websitet ejes og publiceres af: &nbsp; Jelsfest.dk Rammelh\u00f8j 1 6630 R\u00f8dding, Jels Telefon: +4530739860 E-mail: info@jelsfest.dk<\/p>\n","protected":false},"author":3,"featured_media":0,"parent":0,"menu_order":0,"comment_status":"closed","ping_status":"closed","template":"","meta":{"footnotes":""},"class_list":["post-143","page","type-page","status-publish"],"_links":{"self":[{"href":"https:\/\/www.jelsfest.dk\/2023\/wp-json\/wp\/v2\/pages\/143","targetHints":{"allow":["GET"]}}],"collection":[{"href":"https:\/\/www.jelsfest.dk\/2023\/wp-json\/wp\/v2\/pages"}],"about":[{"href":"https:\/\/www.jelsfest.dk\/2023\/wp-json\/wp\/v2\/types\/page"}],"author":[{"embeddable":true,"href":"https:\/\/www.jelsfest.dk\/2023\/wp-json\/wp\/v2\/users\/3"}],"replies":[{"embeddable":true,"href":"https:\/\/www.jelsfest.dk\/2023\/wp-json\/wp\/v2\/comments?post=143"}],"version-history":[{"count":0,"href":"https:\/\/www.jelsfest.dk\/2023\/wp-json\/wp\/v2\/pages\/143\/revisions"}],"wp:attachment":[{"href":"https:\/\/www.jelsfest.dk\/2023\/wp-json\/wp\/v2\/media?parent=143"}],"curies":[{"name":"wp","href":"https:\/\/api.w.org\/{rel}","templated":true}]}}