{"id":1165,"date":"2022-09-14T15:04:03","date_gmt":"2022-09-14T13:04:03","guid":{"rendered":"https:\/\/www.jelsfest.dk\/2023\/?page_id=1165"},"modified":"2022-09-22T15:23:09","modified_gmt":"2022-09-22T13:23:09","slug":"historien-om-jelsfest","status":"publish","type":"page","link":"https:\/\/www.jelsfest.dk\/2023\/historien-om-jelsfest\/","title":{"rendered":"Historien om Jelsfest"},"content":{"rendered":"\t\t<div data-elementor-type=\"wp-post\" data-elementor-id=\"1165\" class=\"elementor elementor-1165\" data-elementor-settings=\"{&quot;ha_cmc_init_switcher&quot;:&quot;no&quot;}\" data-elementor-post-type=\"page\">\n\t\t\t\t\t\t<section class=\"elementor-section elementor-top-section elementor-element elementor-element-56eb033d0 elementor-section-boxed elementor-section-height-default elementor-section-height-default wpr-particle-no wpr-jarallax-no wpr-parallax-no wpr-sticky-section-no\" data-id=\"56eb033d0\" data-element_type=\"section\" data-settings=\"{&quot;_ha_eqh_enable&quot;:false}\">\n\t\t\t\t\t\t<div class=\"elementor-container elementor-column-gap-default\">\n\t\t\t\t\t<div class=\"elementor-column elementor-col-100 elementor-top-column elementor-element elementor-element-475acb5d\" data-id=\"475acb5d\" data-element_type=\"column\">\n\t\t\t<div class=\"elementor-widget-wrap elementor-element-populated\">\n\t\t\t\t\t\t<div class=\"elementor-element elementor-element-7bf08497 elementor-widget elementor-widget-spacer\" data-id=\"7bf08497\" data-element_type=\"widget\" data-widget_type=\"spacer.default\">\n\t\t\t\t<div class=\"elementor-widget-container\">\n\t\t\t\t\t\t\t<div class=\"elementor-spacer\">\n\t\t\t<div class=\"elementor-spacer-inner\"><\/div>\n\t\t<\/div>\n\t\t\t\t\t\t<\/div>\n\t\t\t\t<\/div>\n\t\t\t\t\t<\/div>\n\t\t<\/div>\n\t\t\t\t\t<\/div>\n\t\t<\/section>\n\t\t\t\t<section class=\"elementor-section elementor-top-section elementor-element elementor-element-4b47d8f elementor-section-boxed elementor-section-height-default elementor-section-height-default wpr-particle-no wpr-jarallax-no wpr-parallax-no wpr-sticky-section-no\" data-id=\"4b47d8f\" data-element_type=\"section\" data-settings=\"{&quot;_ha_eqh_enable&quot;:false}\">\n\t\t\t\t\t\t<div class=\"elementor-container elementor-column-gap-default\">\n\t\t\t\t\t<div class=\"elementor-column elementor-col-100 elementor-top-column elementor-element elementor-element-e94c1ab\" data-id=\"e94c1ab\" data-element_type=\"column\">\n\t\t\t<div class=\"elementor-widget-wrap elementor-element-populated\">\n\t\t\t\t\t\t<div class=\"elementor-element elementor-element-4283a5c elementor-widget elementor-widget-image\" data-id=\"4283a5c\" data-element_type=\"widget\" data-widget_type=\"image.default\">\n\t\t\t\t<div class=\"elementor-widget-container\">\n\t\t\t\t\t\t\t\t\t\t\t\t\t\t\t<img fetchpriority=\"high\" decoding=\"async\" width=\"1024\" height=\"267\" src=\"https:\/\/www.jelsfest.dk\/2023\/wp-content\/uploads\/2022\/09\/JELSFEST2023-historien-1024x267.png\" class=\"attachment-large size-large wp-image-2109\" alt=\"\" srcset=\"https:\/\/www.jelsfest.dk\/2023\/wp-content\/uploads\/2022\/09\/JELSFEST2023-historien-1024x267.png 1024w, https:\/\/www.jelsfest.dk\/2023\/wp-content\/uploads\/2022\/09\/JELSFEST2023-historien-300x78.png 300w, https:\/\/www.jelsfest.dk\/2023\/wp-content\/uploads\/2022\/09\/JELSFEST2023-historien-768x200.png 768w, https:\/\/www.jelsfest.dk\/2023\/wp-content\/uploads\/2022\/09\/JELSFEST2023-historien-1536x400.png 1536w, https:\/\/www.jelsfest.dk\/2023\/wp-content\/uploads\/2022\/09\/JELSFEST2023-historien-2048x533.png 2048w\" sizes=\"(max-width: 1024px) 100vw, 1024px\" \/>\t\t\t\t\t\t\t\t\t\t\t\t\t\t\t<\/div>\n\t\t\t\t<\/div>\n\t\t\t\t\t<\/div>\n\t\t<\/div>\n\t\t\t\t\t<\/div>\n\t\t<\/section>\n\t\t\t\t<section class=\"elementor-section elementor-top-section elementor-element elementor-element-6994aef9 elementor-section-boxed elementor-section-height-default elementor-section-height-default wpr-particle-no wpr-jarallax-no wpr-parallax-no wpr-sticky-section-no\" data-id=\"6994aef9\" data-element_type=\"section\" data-settings=\"{&quot;_ha_eqh_enable&quot;:false}\">\n\t\t\t\t\t\t<div class=\"elementor-container elementor-column-gap-default\">\n\t\t\t\t\t<div class=\"elementor-column elementor-col-100 elementor-top-column elementor-element elementor-element-40092a4d\" data-id=\"40092a4d\" data-element_type=\"column\">\n\t\t\t<div class=\"elementor-widget-wrap elementor-element-populated\">\n\t\t\t\t\t\t<div class=\"elementor-element elementor-element-1e143405 elementor-widget elementor-widget-heading\" data-id=\"1e143405\" data-element_type=\"widget\" data-widget_type=\"heading.default\">\n\t\t\t\t<div class=\"elementor-widget-container\">\n\t\t\t\t\t<h2 class=\"elementor-heading-title elementor-size-default\">aka OUT OF QUARANTINE PARTY<\/h2>\t\t\t\t<\/div>\n\t\t\t\t<\/div>\n\t\t\t\t<div class=\"elementor-element elementor-element-2ccb620d wpr-list-style-none elementor-widget elementor-widget-wpr-posts-timeline\" data-id=\"2ccb620d\" data-element_type=\"widget\" data-settings=\"{&quot;animation_offset&quot;:150,&quot;aos_animation_duration&quot;:600}\" data-widget_type=\"wpr-posts-timeline.default\">\n\t\t\t\t<div class=\"elementor-widget-container\">\n\t\t\t\t\t\n\t\t<div class=\"wpr-wrapper wpr-vertical wpr-centered\">\n\t\t\t<div class=\"wpr-timeline-centered wpr-line wpr-both-sided-timeline\"><div class=\"wpr-middle-line\"><\/div><div class=\"wpr-timeline-fill\" data-layout=\"centered\"><\/div><article class=\"wpr-timeline-entry wpr-left-aligned elementor-repeater-item-f94da51\" data-item-id=\"elementor-repeater-item-f94da51\"><time class=\"wpr-extra-label\" data-aos=\"fade\" data-aos-left=\"\" data-aos-right=\"\" data-animation-offset=\"150\" data-animation-duration=\"600\"><span class=\"wpr-label\">11. marts 2020<\/span><span class=\"wpr-sub-label\">DANMARK LUKKER NED<\/span><\/time><div class=\"wpr-timeline-entry-inner\"><div class=\"wpr-main-line-icon wpr-icon\"><\/div><div class=\"wpr-story-info-vertical wpr-data-wrap \"  data-aos=\"fade\" data-aos-left=\"\" data-aos-right=\"\" data-animation-offset=\"150\" data-animation-duration=\"600\"><div class=\"wpr-timeline-content-wrapper\"><div class=\"wpr-content-wrapper\"><div class=\"wpr-title-wrap\"><span class=\"wpr-title\">Slut med live musik<\/span><\/div><div class=\"wpr-description\"><p>COVID-19 h\u00e6rger i Danmark og statsminister Mette Frederiksen lukker Danmark ned og dermed ogs\u00e5 offentlige arrangementer som koncerter og festivaler.<\/p><\/div><\/div><\/div><\/div>\n\t\t\t\t\t\t<\/div>\n\t\t\t\t<\/article><article class=\"wpr-timeline-entry wpr-right-aligned elementor-repeater-item-2a37755\" data-item-id=\"elementor-repeater-item-2a37755\"><time class=\"wpr-extra-label\" data-aos=\"fade\" data-aos-left=\"\" data-aos-right=\"\" data-animation-offset=\"150\" data-animation-duration=\"600\"><span class=\"wpr-label\">Maj 2020<\/span><span class=\"wpr-sub-label\">KNUDE SAVNER MUSIKKEN<\/span><\/time><div class=\"wpr-timeline-entry-inner\"><div class=\"wpr-main-line-icon wpr-icon\"><\/div><div class=\"wpr-story-info-vertical wpr-data-wrap \"  data-aos=\"fade\" data-aos-left=\"\" data-aos-right=\"\" data-animation-offset=\"150\" data-animation-duration=\"600\"><div class=\"wpr-timeline-content-wrapper\"><div class=\"wpr-content-wrapper\"><div class=\"wpr-title-wrap\"><span class=\"wpr-title\">Knuden f\u00e5r en id\u00e9<\/span><\/div><div class=\"wpr-description\"><p>Martin Knude sidder i sit hus i Jels og savner musikken og festival stemningen. Og der er ikke langt fra id\u00e9 til handling. Hans store nyanlagte tr\u00e6-terrasse ville v\u00e6re perfekt som udescene og rock og heavy metal var temaet... nu manglede bare bands og udstyr...<\/p><\/div><\/div><\/div><\/div>\n\t\t\t\t\t\t<\/div>\n\t\t\t\t<\/article><article class=\"wpr-timeline-entry wpr-left-aligned elementor-repeater-item-dc77abf\" data-item-id=\"elementor-repeater-item-dc77abf\"><time class=\"wpr-extra-label\" data-aos=\"fade\" data-aos-left=\"\" data-aos-right=\"\" data-animation-offset=\"150\" data-animation-duration=\"600\"><span class=\"wpr-label\">Juni 2020<\/span><span class=\"wpr-sub-label\">FESTIVALEN TAGER FORM<\/span><\/time><div class=\"wpr-timeline-entry-inner\"><div class=\"wpr-main-line-icon wpr-icon\"><\/div><div class=\"wpr-story-info-vertical wpr-data-wrap \"  data-aos=\"fade\" data-aos-left=\"\" data-aos-right=\"\" data-animation-offset=\"150\" data-animation-duration=\"600\"><div class=\"wpr-timeline-content-wrapper\"><div class=\"wpr-content-wrapper\"><div class=\"wpr-title-wrap\"><span class=\"wpr-title\">OUT OF QUARANTINE PARTY<\/span><\/div><div class=\"wpr-description\"><p>Sammen med familie og venner bliver der planlagt scene, lydanl\u00e6g og helstegt pattegris til alle g\u00e6ster. Festivalen bliver d\u00f8bt OUT OF QUARANTINE PARTY i h\u00e5bet om at det ville v\u00e6re f\u00f8rste og sidste \u00e5r covid-19 skulle bremse de offentlige arrangementer. 8 bands meldte sig klar til at komme og spille kvit og frit, og festivalen var en realitet.<\/p><\/div><\/div><\/div><\/div>\n\t\t\t\t\t\t<\/div>\n\t\t\t\t<\/article><article class=\"wpr-timeline-entry wpr-right-aligned elementor-repeater-item-528a050\" data-item-id=\"elementor-repeater-item-528a050\"><time class=\"wpr-extra-label\" data-aos=\"fade\" data-aos-left=\"\" data-aos-right=\"\" data-animation-offset=\"150\" data-animation-duration=\"600\"><span class=\"wpr-label\">8. august 2020<\/span><span class=\"wpr-sub-label\">OUT OF QUARANTINE PARTY<\/span><\/time><div class=\"wpr-timeline-entry-inner\"><div class=\"wpr-main-line-icon wpr-icon\"><\/div><div class=\"wpr-story-info-vertical wpr-data-wrap \"  data-aos=\"fade\" data-aos-left=\"\" data-aos-right=\"\" data-animation-offset=\"150\" data-animation-duration=\"600\"><div class=\"wpr-animation-wrap wpr-timeline-media\"><img decoding=\"async\" width=\"567\" height=\"911\" src=\"https:\/\/www.jelsfest.dk\/2023\/wp-content\/uploads\/2022\/09\/OOQP2020-1.png\" class=\"attachment-full size-full\" alt=\"\" srcset=\"https:\/\/www.jelsfest.dk\/2023\/wp-content\/uploads\/2022\/09\/OOQP2020-1.png 567w, https:\/\/www.jelsfest.dk\/2023\/wp-content\/uploads\/2022\/09\/OOQP2020-1-187x300.png 187w\" sizes=\"(max-width: 567px) 100vw, 567px\" \/><\/div><div class=\"wpr-timeline-content-wrapper\"><div class=\"wpr-content-wrapper\"><div class=\"wpr-title-wrap\"><span class=\"wpr-title\">F\u00f8rste &quot;festival&quot;<\/span><\/div><div class=\"wpr-description\"><p>Festen var en succes. Vejret var fantastisk. Det blev afholdt som en privatfest for inviterede g\u00e6ster for at omg\u00e5 dav\u00e6rende corona-regler vedr. forsamlingsforbud. Folk havde selv drikkevarer med og dagen var fantastisk. Ca. 150 g\u00e6ster plus bands havde en fantastisk dag.<\/p><\/div><\/div><\/div><\/div>\n\t\t\t\t\t\t<\/div>\n\t\t\t\t<\/article><\/div>    \n\t\t\t<\/div>\t\t\t\t<\/div>\n\t\t\t\t<\/div>\n\t\t\t\t\t<\/div>\n\t\t<\/div>\n\t\t\t\t\t<\/div>\n\t\t<\/section>\n\t\t\t\t<section class=\"elementor-section elementor-top-section elementor-element elementor-element-60ca14e elementor-section-boxed elementor-section-height-default elementor-section-height-default wpr-particle-no wpr-jarallax-no wpr-parallax-no wpr-sticky-section-no\" data-id=\"60ca14e\" data-element_type=\"section\" data-settings=\"{&quot;_ha_eqh_enable&quot;:false}\">\n\t\t\t\t\t\t<div class=\"elementor-container elementor-column-gap-default\">\n\t\t\t\t\t<div class=\"elementor-column elementor-col-100 elementor-top-column elementor-element elementor-element-d81c5db\" data-id=\"d81c5db\" data-element_type=\"column\">\n\t\t\t<div class=\"elementor-widget-wrap elementor-element-populated\">\n\t\t\t\t\t\t<div class=\"elementor-element elementor-element-2dced6e wpr-list-style-none elementor-widget elementor-widget-wpr-posts-timeline\" data-id=\"2dced6e\" data-element_type=\"widget\" data-settings=\"{&quot;animation_offset&quot;:150,&quot;aos_animation_duration&quot;:600}\" data-widget_type=\"wpr-posts-timeline.default\">\n\t\t\t\t<div class=\"elementor-widget-container\">\n\t\t\t\t\t\n\t\t<div class=\"wpr-wrapper wpr-vertical wpr-centered\">\n\t\t\t<div class=\"wpr-timeline-centered wpr-line wpr-both-sided-timeline\"><div class=\"wpr-middle-line\"><\/div><div class=\"wpr-timeline-fill\" data-layout=\"centered\"><\/div><article class=\"wpr-timeline-entry wpr-left-aligned elementor-repeater-item-f94da51\" data-item-id=\"elementor-repeater-item-f94da51\"><time class=\"wpr-extra-label\" data-aos=\"fade\" data-aos-left=\"\" data-aos-right=\"\" data-animation-offset=\"150\" data-animation-duration=\"600\"><span class=\"wpr-label\">7. august 2021<\/span><span class=\"wpr-sub-label\">OUT OF QUARANTINE PART 2<\/span><\/time><div class=\"wpr-timeline-entry-inner\"><div class=\"wpr-main-line-icon wpr-icon\"><\/div><div class=\"wpr-story-info-vertical wpr-data-wrap \"  data-aos=\"fade\" data-aos-left=\"\" data-aos-right=\"\" data-animation-offset=\"150\" data-animation-duration=\"600\"><div class=\"wpr-animation-wrap wpr-timeline-media\"><img decoding=\"async\" width=\"567\" height=\"930\" src=\"https:\/\/www.jelsfest.dk\/2023\/wp-content\/uploads\/2022\/09\/OOQP2021.png\" class=\"attachment-full size-full\" alt=\"\" srcset=\"https:\/\/www.jelsfest.dk\/2023\/wp-content\/uploads\/2022\/09\/OOQP2021.png 567w, https:\/\/www.jelsfest.dk\/2023\/wp-content\/uploads\/2022\/09\/OOQP2021-183x300.png 183w\" sizes=\"(max-width: 567px) 100vw, 567px\" \/><\/div><div class=\"wpr-timeline-content-wrapper\"><div class=\"wpr-content-wrapper\"><div class=\"wpr-title-wrap\"><span class=\"wpr-title\">Festival PART 2<\/span><\/div><div class=\"wpr-description\"><p>COVID-19 h\u00e6rgede stadigv\u00e6k i hele verden, s\u00e5 Danmark havde endnu et \u00e5r uden arrangementer. Derfor blev OUT OF QUARANTINE PART 2 afholdt endnu en gang som et privat arrangement under samme pr\u00e6mis som \u00e5ret f\u00f8r, kun inviterede g\u00e6ster og medbragte drikkevarer. Denne gang var vejr-guderne \"dersv\u00e6rre\" ikke med os, og der varslede regn og uvejr. Derfor blev arrangmentet i sidste \u00f8jeblik flyttet til VALHAL der har til huse ved Jels Vikingespil. 10 bands kom og spillede for ca. 250 g\u00e6ster. Flytningen til VALHAL ville vise sig at s\u00e6tte gang i endnu st\u00f8rre dr\u00f8mme.<\/p><\/div><\/div><\/div><\/div>\n\t\t\t\t\t\t<\/div>\n\t\t\t\t<\/article><article class=\"wpr-timeline-entry wpr-right-aligned elementor-repeater-item-286b210\" data-item-id=\"elementor-repeater-item-286b210\"><time class=\"wpr-extra-label\" data-aos=\"fade\" data-aos-left=\"\" data-aos-right=\"\" data-animation-offset=\"150\" data-animation-duration=\"600\"><span class=\"wpr-label\">September 2021<\/span><span class=\"wpr-sub-label\">PERFEKTE OMGIVELSER<\/span><\/time><div class=\"wpr-timeline-entry-inner\"><div class=\"wpr-main-line-icon wpr-icon\"><\/div><div class=\"wpr-story-info-vertical wpr-data-wrap \"  data-aos=\"fade\" data-aos-left=\"\" data-aos-right=\"\" data-animation-offset=\"150\" data-animation-duration=\"600\"><div class=\"wpr-timeline-content-wrapper\"><div class=\"wpr-content-wrapper\"><div class=\"wpr-title-wrap\"><span class=\"wpr-title\">VALHAL gav mod p\u00e5 mere<\/span><\/div><div class=\"wpr-description\"><p>De fantastiske omgivelser ved JELS VIKINGESPIL gav grovbund til at videreudvikle OUT OF QUARANTINE PARTY og lave den til en rigtig festival. Der blev oprettet en bestyrelse og planl\u00e6gning om en 1-dags festival i Jels blev en realitet. Navnet p\u00e5 festivalen blev \u00e6ndret til JELSFEST. Festivalen skulle v\u00e6re en blanding af etablerede bands og upcoming bands der ville pr\u00f8ve at give den gas p\u00e5 en scene foran en flok rock-glade mennesker.<\/p><\/div><\/div><\/div><\/div>\n\t\t\t\t\t\t<\/div>\n\t\t\t\t<\/article><article class=\"wpr-timeline-entry wpr-left-aligned elementor-repeater-item-b5dd596\" data-item-id=\"elementor-repeater-item-b5dd596\"><time class=\"wpr-extra-label\" data-aos=\"fade\" data-aos-left=\"\" data-aos-right=\"\" data-animation-offset=\"150\" data-animation-duration=\"600\"><span class=\"wpr-label\">6. august 2022<\/span><span class=\"wpr-sub-label\">JELSFEST BLEV F\u00d8DT<\/span><\/time><div class=\"wpr-timeline-entry-inner\"><div class=\"wpr-main-line-icon wpr-icon\"><\/div><div class=\"wpr-story-info-vertical wpr-data-wrap \"  data-aos=\"fade\" data-aos-left=\"\" data-aos-right=\"\" data-animation-offset=\"150\" data-animation-duration=\"600\"><div class=\"wpr-animation-wrap wpr-timeline-media\"><img loading=\"lazy\" decoding=\"async\" width=\"567\" height=\"933\" src=\"https:\/\/www.jelsfest.dk\/2023\/wp-content\/uploads\/2022\/09\/JELSFEST-2022.png\" class=\"attachment-full size-full\" alt=\"\" srcset=\"https:\/\/www.jelsfest.dk\/2023\/wp-content\/uploads\/2022\/09\/JELSFEST-2022.png 567w, https:\/\/www.jelsfest.dk\/2023\/wp-content\/uploads\/2022\/09\/JELSFEST-2022-182x300.png 182w\" sizes=\"(max-width: 567px) 100vw, 567px\" \/><\/div><div class=\"wpr-timeline-content-wrapper\"><div class=\"wpr-content-wrapper\"><div class=\"wpr-title-wrap\"><span class=\"wpr-title\">GENERALPR\u00d8VEN<\/span><\/div><div class=\"wpr-description\"><p>Corona var endelig ikke en h\u00e6mmesko for at afholde en festival l\u00e6ngere. Men det blev besluttet stadig at afholde den f\u00f8rste JELSFEST som en privatfest, kun for inviterede g\u00e6ster og med medbragte drikkevarer. En slags d\u00e5b for at se om der var basis for en rigtig festival. Festivalen blev afholdt som om det var en \"rigtig\" festival med sikkerhedsfolk, madboder og en inde- og udescene hvor dette \u00e5rs program talte hele 15 bands og ca. 350 g\u00e6ster.<\/p><\/div><\/div><\/div><\/div>\n\t\t\t\t\t\t<\/div>\n\t\t\t\t<\/article><article class=\"wpr-timeline-entry wpr-right-aligned elementor-repeater-item-9365d72\" data-item-id=\"elementor-repeater-item-9365d72\"><time class=\"wpr-extra-label\" data-aos=\"fade\" data-aos-left=\"\" data-aos-right=\"\" data-animation-offset=\"150\" data-animation-duration=\"600\"><span class=\"wpr-label\">5. august 2023<\/span><span class=\"wpr-sub-label\">JELSFEST BLIVER OFFENTLIG<\/span><\/time><div class=\"wpr-timeline-entry-inner\"><div class=\"wpr-main-line-icon wpr-icon\"><\/div><div class=\"wpr-story-info-vertical wpr-data-wrap \"  data-aos=\"fade\" data-aos-left=\"\" data-aos-right=\"\" data-animation-offset=\"150\" data-animation-duration=\"600\"><div class=\"wpr-animation-wrap wpr-timeline-media\"><img loading=\"lazy\" decoding=\"async\" width=\"567\" height=\"930\" src=\"https:\/\/www.jelsfest.dk\/2023\/wp-content\/uploads\/2022\/09\/JELSFEST-2023.png\" class=\"attachment-full size-full\" alt=\"\" srcset=\"https:\/\/www.jelsfest.dk\/2023\/wp-content\/uploads\/2022\/09\/JELSFEST-2023.png 567w, https:\/\/www.jelsfest.dk\/2023\/wp-content\/uploads\/2022\/09\/JELSFEST-2023-183x300.png 183w\" sizes=\"(max-width: 567px) 100vw, 567px\" \/><\/div><div class=\"wpr-timeline-content-wrapper\"><div class=\"wpr-content-wrapper\"><div class=\"wpr-title-wrap\"><span class=\"wpr-title\">F\u00d8RSTE OFFENTLIGE FESTIVAL<\/span><\/div><div class=\"wpr-description\"><p>I 2023 skal JELSFEST st\u00e5 sin pr\u00f8ve som den f\u00f8rste offentlige festival med billetsalg. 14 bands kommer og spiller og billetten indeholder fri bar hele dagen. Bestyrelsen og alle folk bag festivalen, h\u00e5ber og tror det bliver \u00e9n af mange festivaler i JELS og vi h\u00e5ber p\u00e5 stor opbakning fra musikglade g\u00e6ster!<\/p><\/div><\/div><\/div><\/div>\n\t\t\t\t\t\t<\/div>\n\t\t\t\t<\/article><\/div>    \n\t\t\t<\/div>\t\t\t\t<\/div>\n\t\t\t\t<\/div>\n\t\t\t\t\t<\/div>\n\t\t<\/div>\n\t\t\t\t\t<\/div>\n\t\t<\/section>\n\t\t\t\t<section class=\"elementor-section elementor-top-section elementor-element elementor-element-1ae9f41 elementor-section-boxed elementor-section-height-default elementor-section-height-default wpr-particle-no wpr-jarallax-no wpr-parallax-no wpr-sticky-section-no\" data-id=\"1ae9f41\" data-element_type=\"section\" data-settings=\"{&quot;_ha_eqh_enable&quot;:false}\">\n\t\t\t\t\t\t<div class=\"elementor-container elementor-column-gap-default\">\n\t\t\t\t\t<div class=\"elementor-column elementor-col-100 elementor-top-column elementor-element elementor-element-b21995e\" data-id=\"b21995e\" data-element_type=\"column\">\n\t\t\t<div class=\"elementor-widget-wrap elementor-element-populated\">\n\t\t\t\t\t\t<div class=\"elementor-element elementor-element-f6ce835 elementor-widget elementor-widget-image\" data-id=\"f6ce835\" data-element_type=\"widget\" data-widget_type=\"image.default\">\n\t\t\t\t<div class=\"elementor-widget-container\">\n\t\t\t\t\t\t\t\t\t\t\t\t\t\t\t<img loading=\"lazy\" decoding=\"async\" width=\"300\" height=\"200\" src=\"https:\/\/www.jelsfest.dk\/2023\/wp-content\/uploads\/2022\/08\/JELSFEST2023-LOGO-uden-baggrund-300x200.png\" class=\"attachment-medium size-medium wp-image-937\" alt=\"\" srcset=\"https:\/\/www.jelsfest.dk\/2023\/wp-content\/uploads\/2022\/08\/JELSFEST2023-LOGO-uden-baggrund-300x200.png 300w, https:\/\/www.jelsfest.dk\/2023\/wp-content\/uploads\/2022\/08\/JELSFEST2023-LOGO-uden-baggrund-1024x683.png 1024w, https:\/\/www.jelsfest.dk\/2023\/wp-content\/uploads\/2022\/08\/JELSFEST2023-LOGO-uden-baggrund-768x512.png 768w, https:\/\/www.jelsfest.dk\/2023\/wp-content\/uploads\/2022\/08\/JELSFEST2023-LOGO-uden-baggrund-1536x1025.png 1536w, https:\/\/www.jelsfest.dk\/2023\/wp-content\/uploads\/2022\/08\/JELSFEST2023-LOGO-uden-baggrund-2048x1366.png 2048w\" sizes=\"(max-width: 300px) 100vw, 300px\" \/>\t\t\t\t\t\t\t\t\t\t\t\t\t\t\t<\/div>\n\t\t\t\t<\/div>\n\t\t\t\t\t<\/div>\n\t\t<\/div>\n\t\t\t\t\t<\/div>\n\t\t<\/section>\n\t\t\t\t<\/div>\n\t\t","protected":false},"excerpt":{"rendered":"<p>aka OUT OF QUARANTINE PARTY 11. marts 2020DANMARK LUKKER NED Slut med live musik COVID-19 h\u00e6rger i Danmark og statsminister Mette Frederiksen lukker Danmark ned og dermed ogs\u00e5 offentlige arrangementer som koncerter og festivaler. Maj 2020KNUDE SAVNER MUSIKKEN Knuden f\u00e5r en id\u00e9 Martin Knude sidder i sit hus i Jels og savner musikken og festival stemningen. Og der er ikke langt fra id\u00e9 til handling. Hans store nyanlagte tr\u00e6-terrasse ville v\u00e6re perfekt som udescene og rock og heavy metal var temaet&#8230; nu manglede bare bands og udstyr&#8230; Juni 2020FESTIVALEN TAGER FORM OUT OF QUARANTINE PARTY Sammen med familie og venner bliver der planlagt scene, lydanl\u00e6g og helstegt pattegris til alle g\u00e6ster. Festivalen bliver d\u00f8bt OUT OF QUARANTINE PARTY i h\u00e5bet om at det ville v\u00e6re f\u00f8rste og sidste \u00e5r covid-19 skulle bremse de offentlige arrangementer. 8 bands meldte sig klar til at komme og spille kvit og frit, og festivalen var en realitet. 8. august 2020OUT OF QUARANTINE PARTY F\u00f8rste &quot;festival&quot; Festen var en succes. Vejret var fantastisk. Det blev afholdt som en privatfest for inviterede g\u00e6ster for at omg\u00e5 dav\u00e6rende corona-regler vedr. forsamlingsforbud. Folk havde selv drikkevarer med og dagen var fantastisk. Ca. 150 g\u00e6ster plus bands havde en fantastisk dag. 7. august 2021OUT OF QUARANTINE PART 2 Festival PART 2 COVID-19 h\u00e6rgede stadigv\u00e6k i hele verden, s\u00e5 Danmark havde endnu et \u00e5r uden arrangementer. Derfor blev OUT OF QUARANTINE PART 2 afholdt endnu en gang som et privat arrangement under samme pr\u00e6mis som \u00e5ret f\u00f8r, kun inviterede g\u00e6ster og medbragte drikkevarer. Denne gang var vejr-guderne &#8220;dersv\u00e6rre&#8221; ikke med os, og der varslede regn og uvejr. Derfor blev arrangmentet i sidste \u00f8jeblik flyttet til VALHAL der har til huse ved Jels Vikingespil. 10 bands kom og spillede for ca. 250 g\u00e6ster. Flytningen til VALHAL ville vise sig at s\u00e6tte gang i endnu st\u00f8rre dr\u00f8mme. September 2021PERFEKTE OMGIVELSER VALHAL gav mod p\u00e5 mere De fantastiske omgivelser ved JELS VIKINGESPIL gav grovbund til at videreudvikle OUT OF QUARANTINE PARTY og lave den til en rigtig festival. Der blev oprettet en bestyrelse og planl\u00e6gning om en 1-dags festival i Jels blev en realitet. Navnet p\u00e5 festivalen blev \u00e6ndret til JELSFEST. Festivalen skulle v\u00e6re en blanding af etablerede bands og upcoming bands der ville pr\u00f8ve at give den gas p\u00e5 en scene foran en flok rock-glade mennesker. 6. august 2022JELSFEST BLEV F\u00d8DT GENERALPR\u00d8VEN Corona var endelig ikke en h\u00e6mmesko for at afholde en festival l\u00e6ngere. Men det blev besluttet stadig at afholde den f\u00f8rste JELSFEST som en privatfest, kun for inviterede g\u00e6ster og med medbragte drikkevarer. En slags d\u00e5b for at se om der var basis for en rigtig festival. Festivalen blev afholdt som om det var en &#8220;rigtig&#8221; festival med sikkerhedsfolk, madboder og en inde- og udescene hvor dette \u00e5rs program talte hele 15 bands og ca. 350 g\u00e6ster. 5. august 2023JELSFEST BLIVER OFFENTLIG F\u00d8RSTE OFFENTLIGE FESTIVAL I 2023 skal JELSFEST st\u00e5 sin pr\u00f8ve som den f\u00f8rste offentlige festival med billetsalg. 14 bands kommer og spiller og billetten indeholder fri bar hele dagen. Bestyrelsen og alle folk bag festivalen, h\u00e5ber og tror det bliver \u00e9n af mange festivaler i JELS og vi h\u00e5ber p\u00e5 stor opbakning fra musikglade g\u00e6ster!<\/p>\n","protected":false},"author":3,"featured_media":0,"parent":0,"menu_order":0,"comment_status":"closed","ping_status":"closed","template":"elementor_header_footer","meta":{"footnotes":""},"class_list":["post-1165","page","type-page","status-publish"],"_links":{"self":[{"href":"https:\/\/www.jelsfest.dk\/2023\/wp-json\/wp\/v2\/pages\/1165","targetHints":{"allow":["GET"]}}],"collection":[{"href":"https:\/\/www.jelsfest.dk\/2023\/wp-json\/wp\/v2\/pages"}],"about":[{"href":"https:\/\/www.jelsfest.dk\/2023\/wp-json\/wp\/v2\/types\/page"}],"author":[{"embeddable":true,"href":"https:\/\/www.jelsfest.dk\/2023\/wp-json\/wp\/v2\/users\/3"}],"replies":[{"embeddable":true,"href":"https:\/\/www.jelsfest.dk\/2023\/wp-json\/wp\/v2\/comments?post=1165"}],"version-history":[{"count":0,"href":"https:\/\/www.jelsfest.dk\/2023\/wp-json\/wp\/v2\/pages\/1165\/revisions"}],"wp:attachment":[{"href":"https:\/\/www.jelsfest.dk\/2023\/wp-json\/wp\/v2\/media?parent=1165"}],"curies":[{"name":"wp","href":"https:\/\/api.w.org\/{rel}","templated":true}]}}